{"id":219997,"date":"2025-02-19T13:53:02","date_gmt":"2025-02-19T12:53:02","guid":{"rendered":"https:\/\/www.patatasconde.com\/?post_type=product&#038;p=219997"},"modified":"2025-02-20T13:05:51","modified_gmt":"2025-02-20T12:05:51","slug":"patatas-para-airfryer","status":"publish","type":"product","link":"https:\/\/www.patatasconde.com\/gl\/patatas-para-airfryer","title":{"rendered":"Patatas para Airfryer"},"content":{"rendered":"<p style=\"font-weight: 400;\">Patatas seleccionadas para lograr un resultado crujiente y delicioso en airfryer. Su alto porcentaje de materia seca garantiza una cocci\u00f3n \u00f3ptima con menos aceite. Perfectas para disfrutar de unas patatas fritas m\u00e1s ligeras y sabrosas.<\/p>\n<h3><strong>Caracter\u00edsticas<\/strong><\/h3>\n<ul>\n<li style=\"font-weight: 400;\">Calibre: 50-70 mm<\/li>\n<li style=\"font-weight: 400;\">Forma de los tub\u00e9rculos: ovalada<\/li>\n<li style=\"font-weight: 400;\">Piel de color amarillo claro a amarillo<\/li>\n<li style=\"font-weight: 400;\">Color de la carne: amarillo claro<\/li>\n<li style=\"font-weight: 400;\">Lavada natural<\/li>\n<\/ul>\n<p>&nbsp;<\/p>\n","protected":false},"excerpt":{"rendered":"<p>Patatas seleccionadas para lograr un resultado crujiente y delicioso en airfryer. Perfectas para disfrutar de unas patatas fritas m\u00e1s ligeras y sabrosas.<\/p>\n","protected":false},"featured_media":219989,"template":"","meta":[],"product_brand":[],"product_cat":[359,360],"product_tag":[867],"class_list":{"0":"post-219997","1":"product","2":"type-product","3":"status-publish","4":"has-post-thumbnail","6":"product_cat-gama-es","7":"product_cat-fritir-es","8":"product_tag-airfryer","10":"first","11":"instock","12":"taxable","13":"shipping-taxable","14":"purchasable","15":"product-type-variable"},"amp_enabled":true,"_links":{"self":[{"href":"https:\/\/www.patatasconde.com\/gl\/wp-json\/wp\/v2\/product\/219997","targetHints":{"allow":["GET"]}}],"collection":[{"href":"https:\/\/www.patatasconde.com\/gl\/wp-json\/wp\/v2\/product"}],"about":[{"href":"https:\/\/www.patatasconde.com\/gl\/wp-json\/wp\/v2\/types\/product"}],"wp:featuredmedia":[{"embeddable":true,"href":"https:\/\/www.patatasconde.com\/gl\/wp-json\/wp\/v2\/media\/219989"}],"wp:attachment":[{"href":"https:\/\/www.patatasconde.com\/gl\/wp-json\/wp\/v2\/media?parent=219997"}],"wp:term":[{"taxonomy":"product_brand","embeddable":true,"href":"https:\/\/www.patatasconde.com\/gl\/wp-json\/wp\/v2\/product_brand?post=219997"},{"taxonomy":"product_cat","embeddable":true,"href":"https:\/\/www.patatasconde.com\/gl\/wp-json\/wp\/v2\/product_cat?post=219997"},{"taxonomy":"product_tag","embeddable":true,"href":"https:\/\/www.patatasconde.com\/gl\/wp-json\/wp\/v2\/product_tag?post=219997"}],"curies":[{"name":"wp","href":"https:\/\/api.w.org\/{rel}","templated":true}]}}