{"id":209235,"date":"2020-05-21T23:55:26","date_gmt":"2020-05-21T21:55:26","guid":{"rendered":"https:\/\/www.patatasconde.com\/producto\/pataca-comun-e-guarnicion"},"modified":"2020-07-23T12:40:11","modified_gmt":"2020-07-23T10:40:11","slug":"pataca-comun-caixa","status":"publish","type":"product","link":"https:\/\/www.patatasconde.com\/gl\/pataca-comun-caixa","title":{"rendered":"Pataca Com\u00fan (caixa)"},"content":{"rendered":"<blockquote><p>Esta caixa de 20 quilos da nosa pataca com\u00fan \u00e9 unha opci\u00f3n ideal para varios usos. P\u00f3dese utilizar para fritar, cocer ou asar.<\/p>\n<p>Aqu\u00ed podes elixir entre comprar a pataca lavada ou sen lavar, ademais podes acompa\u00f1ala con pataca de guarnici\u00f3n.<\/p><\/blockquote>\n<h2><b>Pataca com\u00fan. Caracter\u00edsticas <\/b><\/h2>\n<ul>\n<li>Variedade: depende da \u00e9poca do ano<\/li>\n<li>Calibre: 45-80 mm<\/li>\n<li>Forma dos tub\u00e9rculos: ovalada<\/li>\n<li>Pel de cor amarilla escura e amarela clara<\/li>\n<li>Cor da carne: amarela escura a branca<\/li>\n<li>Natural sen lavar ou lavada<\/li>\n<\/ul>\n<h2><b>Pataca guarnici\u00f3n. Caracter\u00edsticas <\/b><\/h2>\n<ul>\n<li>Calibre: 28-45 mm<\/li>\n<li>Forma dos tub\u00e9rculos: ovalada<\/li>\n<li>Pel fina e de cor amarela<\/li>\n<li>Cor da carne: amarela escura a branca<\/li>\n<li>Natural sen lavar ou lavada<\/li>\n<\/ul>\n<p>&nbsp;<\/p>\n","protected":false},"excerpt":{"rendered":"<p>Esta caixa de 20 quilos da nosa pataca com\u00fan \u00e9 unha opci\u00f3n ideal para varios usos. P\u00f3dese utilizar para fritar, cocer ou asar.<\/p>\n","protected":false},"featured_media":209225,"template":"","meta":[],"product_brand":[],"product_cat":[533,328,333,335,324],"product_tag":[],"class_list":{"0":"post-209235","1":"product","2":"type-product","3":"status-publish","4":"has-post-thumbnail","6":"product_cat-20kg-gl","7":"product_cat-gama","8":"product_cat-comun","9":"product_cat-guarnicion","10":"product_cat-peso","12":"first","13":"instock","14":"taxable","15":"shipping-taxable","16":"purchasable","17":"product-type-variable","18":"has-default-attributes"},"amp_enabled":true,"_links":{"self":[{"href":"https:\/\/www.patatasconde.com\/gl\/wp-json\/wp\/v2\/product\/209235","targetHints":{"allow":["GET"]}}],"collection":[{"href":"https:\/\/www.patatasconde.com\/gl\/wp-json\/wp\/v2\/product"}],"about":[{"href":"https:\/\/www.patatasconde.com\/gl\/wp-json\/wp\/v2\/types\/product"}],"wp:featuredmedia":[{"embeddable":true,"href":"https:\/\/www.patatasconde.com\/gl\/wp-json\/wp\/v2\/media\/209225"}],"wp:attachment":[{"href":"https:\/\/www.patatasconde.com\/gl\/wp-json\/wp\/v2\/media?parent=209235"}],"wp:term":[{"taxonomy":"product_brand","embeddable":true,"href":"https:\/\/www.patatasconde.com\/gl\/wp-json\/wp\/v2\/product_brand?post=209235"},{"taxonomy":"product_cat","embeddable":true,"href":"https:\/\/www.patatasconde.com\/gl\/wp-json\/wp\/v2\/product_cat?post=209235"},{"taxonomy":"product_tag","embeddable":true,"href":"https:\/\/www.patatasconde.com\/gl\/wp-json\/wp\/v2\/product_tag?post=209235"}],"curies":[{"name":"wp","href":"https:\/\/api.w.org\/{rel}","templated":true}]}}