{"id":209212,"date":"2020-05-21T23:29:55","date_gmt":"2020-05-21T21:29:55","guid":{"rendered":"https:\/\/www.patatasconde.com\/producto\/pataca-vermella-caixa-de-10kgr"},"modified":"2020-09-16T12:52:14","modified_gmt":"2020-09-16T10:52:14","slug":"pataca-vermella-caixa-de-10kgr","status":"publish","type":"product","link":"https:\/\/www.patatasconde.com\/gl\/pataca-vermella-caixa-de-10kgr","title":{"rendered":"Pataca Vermella Caixa de 10Kgr"},"content":{"rendered":"<blockquote><p>Mostr\u00e1mosvos a pataca vermella de Patatas Conde nesta caixa de 10 kg. A pataca vermella sigue sendo unha das patacas que m\u00e1is se sementa nas leiras galegas.<\/p>\n<p>A preparaci\u00f3n de ricos guisos con elas sigue sendo toda unha tradici\u00f3n que leva anos de historia nas mesas do norte de Espa\u00f1a sosegando o frio invernal.<\/p><\/blockquote>\n<h2><b>Comprar pacata vermella (caixa 10 kg). Caracter\u00edsticas<\/b><\/h2>\n<ul>\n<li>Variedade: Rudolph, Red Pontiac, Mozart\u2026<\/li>\n<li>Calibre: 45-80 mm<\/li>\n<li>Forma dos tub\u00e9rculos: ovalada<\/li>\n<li>Pel fina<\/li>\n<li>Cor da carne: amarela ou branca<\/li>\n<li>Apta para calquera uso culinario<\/li>\n<\/ul>\n","protected":false},"excerpt":{"rendered":"<p>Mostr\u00e1mosvos a pataca vermella de Patatas Conde nesta caixa de 10 kg. A pataca vermella sigue sendo unha das patacas que m\u00e1is se sementa nas leiras galegas.<\/p>\n","protected":false},"featured_media":209207,"template":"","meta":[],"product_brand":[],"product_cat":[328,333,324,327],"product_tag":[],"class_list":{"0":"post-209212","1":"product","2":"type-product","3":"status-publish","4":"has-post-thumbnail","6":"product_cat-gama","7":"product_cat-comun","8":"product_cat-peso","9":"product_cat-10kg","11":"first","12":"outofstock","13":"taxable","14":"shipping-taxable","15":"purchasable","16":"product-type-variable"},"amp_enabled":true,"_links":{"self":[{"href":"https:\/\/www.patatasconde.com\/gl\/wp-json\/wp\/v2\/product\/209212","targetHints":{"allow":["GET"]}}],"collection":[{"href":"https:\/\/www.patatasconde.com\/gl\/wp-json\/wp\/v2\/product"}],"about":[{"href":"https:\/\/www.patatasconde.com\/gl\/wp-json\/wp\/v2\/types\/product"}],"wp:featuredmedia":[{"embeddable":true,"href":"https:\/\/www.patatasconde.com\/gl\/wp-json\/wp\/v2\/media\/209207"}],"wp:attachment":[{"href":"https:\/\/www.patatasconde.com\/gl\/wp-json\/wp\/v2\/media?parent=209212"}],"wp:term":[{"taxonomy":"product_brand","embeddable":true,"href":"https:\/\/www.patatasconde.com\/gl\/wp-json\/wp\/v2\/product_brand?post=209212"},{"taxonomy":"product_cat","embeddable":true,"href":"https:\/\/www.patatasconde.com\/gl\/wp-json\/wp\/v2\/product_cat?post=209212"},{"taxonomy":"product_tag","embeddable":true,"href":"https:\/\/www.patatasconde.com\/gl\/wp-json\/wp\/v2\/product_tag?post=209212"}],"curies":[{"name":"wp","href":"https:\/\/api.w.org\/{rel}","templated":true}]}}