{"id":17566,"date":"2019-03-06T20:50:05","date_gmt":"2019-03-06T19:50:05","guid":{"rendered":"https:\/\/www.patatasconde.com\/producto\/patacas-para-fritir-2"},"modified":"2022-09-14T16:23:42","modified_gmt":"2022-09-14T14:23:42","slug":"pataca-especial-para-fritir","status":"publish","type":"product","link":"https:\/\/www.patatasconde.com\/gl\/pataca-especial-para-fritir","title":{"rendered":"Pataca especial para fritir"},"content":{"rendered":"<blockquote><p>A pataca especial para fritir de Patatas Conde dest\u00ednase principalmente \u00e1 preparaci\u00f3n de patacas fritas, chips, tortillas de patacas&#8230; se queres saber como preparar as mellores receitas con patacas s\u00f3 tes que visitar o noso <a href=\"https:\/\/www.patatasconde.com\/gl\/receitas-con-patacas\" target=\"_blank\" rel=\"noopener noreferrer\">blog de receitas<\/a>. Ningu\u00e9n poder\u00e1 resistirse a unha tortilla preparada coas nosas patacas especiais para fritir. Tam\u00e9n podes conquistar aos teus amigos cunhas chips. Contas con m\u00faltiples opci\u00f3ns! Este produto est\u00e1 dispo\u00f1ible neste formato de bolsa rede, moi pr\u00e1ctico e c\u00f3modo.<\/p>\n<p>&nbsp;<\/p><\/blockquote>\n<h2>Pataca especial para fritir. Caracter\u00edsticas<\/h2>\n<ul>\n<li>Calibre: 45-80 mm<\/li>\n<li>Forma dos tub\u00e9rculos: ovalada<\/li>\n<li>Pel de cor amarela clara<\/li>\n<li>Cor da carne: amarela clara<\/li>\n<li>Lavada natural<\/li>\n<\/ul>\n","protected":false},"excerpt":{"rendered":"<p style=\"font-weight: 400;\">As patacas fritas son un dos produtos m\u00e1is demandados polos consumidores. Estas son as mellores patacas para fritir xa que son fari\u00f1entas, o que as fai ideais para tal fin.<\/p>\n","protected":false},"featured_media":17565,"template":"","meta":[],"product_brand":[],"product_cat":[328,331],"product_tag":[],"class_list":{"0":"post-17566","1":"product","2":"type-product","3":"status-publish","4":"has-post-thumbnail","6":"product_cat-gama","7":"product_cat-fritir","9":"first","10":"instock","11":"taxable","12":"shipping-taxable","13":"purchasable","14":"product-type-variable"},"amp_enabled":true,"_links":{"self":[{"href":"https:\/\/www.patatasconde.com\/gl\/wp-json\/wp\/v2\/product\/17566","targetHints":{"allow":["GET"]}}],"collection":[{"href":"https:\/\/www.patatasconde.com\/gl\/wp-json\/wp\/v2\/product"}],"about":[{"href":"https:\/\/www.patatasconde.com\/gl\/wp-json\/wp\/v2\/types\/product"}],"wp:featuredmedia":[{"embeddable":true,"href":"https:\/\/www.patatasconde.com\/gl\/wp-json\/wp\/v2\/media\/17565"}],"wp:attachment":[{"href":"https:\/\/www.patatasconde.com\/gl\/wp-json\/wp\/v2\/media?parent=17566"}],"wp:term":[{"taxonomy":"product_brand","embeddable":true,"href":"https:\/\/www.patatasconde.com\/gl\/wp-json\/wp\/v2\/product_brand?post=17566"},{"taxonomy":"product_cat","embeddable":true,"href":"https:\/\/www.patatasconde.com\/gl\/wp-json\/wp\/v2\/product_cat?post=17566"},{"taxonomy":"product_tag","embeddable":true,"href":"https:\/\/www.patatasconde.com\/gl\/wp-json\/wp\/v2\/product_tag?post=17566"}],"curies":[{"name":"wp","href":"https:\/\/api.w.org\/{rel}","templated":true}]}}