{"id":17250,"date":"2019-02-01T13:50:50","date_gmt":"2019-02-01T12:50:50","guid":{"rendered":"https:\/\/www.patatasconde.com\/?post_type=product&#038;p=17250"},"modified":"2020-05-22T00:38:11","modified_gmt":"2020-05-21T22:38:11","slug":"comprar-patacas-para-guarnicion","status":"publish","type":"product","link":"https:\/\/www.patatasconde.com\/gl\/comprar-patacas-para-guarnicion","title":{"rendered":"Patacas para guarnici\u00f3n"},"content":{"rendered":"<blockquote><p>A guarnici\u00f3n dun prato \u00e9 aquela preparaci\u00f3n que fai de acompa\u00f1amento dun prato principal. En esencia, \u00e9 aquel produto culinario m\u00e1is ou menos preparado que acompa\u00f1a, complementa ou adorna unha carne ou un pescado. As guarnici\u00f3ns vexetais, coa ensalada como estrela e as guarnici\u00f3ns baseadas en arroz, pasta e por suposto, as guarnici\u00f3ns con patacas, son as m\u00e1is com\u00fans.<\/p>\n<p>Nas s\u00faas m\u00faltiples variedades a guarnici\u00f3n con patacas fai o prato m\u00e1is atractivo. Como se consegue? O contraste de cor e o complemento ao sabor do prato principal son as f\u00f3rmulas m\u00e1is habituais.<\/p>\n<p><i>Podes comprar esta pataca <\/i><i><u><a href=\"https:\/\/www.patatasconde.com\/patata-comun-caja\">AQU\u00cd<\/a>.<\/u><\/i><\/p><\/blockquote>\n<p>Como xa dixemos, existen diferentes guarnici\u00f3ns con patacas, que se distinguen a partir da maneira de preparar as mesmas.<\/p>\n<ul>\n<li><strong>Guarnici\u00f3ns con patacas fritas.<\/strong> Ideais para acompa\u00f1ar tanto carne como pescado. O sabor das patacas fritas \u00e9 o complemento perfecto a calquera prato.<\/li>\n<li><strong>Guarnici\u00f3ns de patacas ao forno.<\/strong> Tenras, xugosas e con moito sabor. Engade un pouco de herbas arom\u00e1ticas e os resultados ser\u00e1n espectaculares.<\/li>\n<li><strong>Guarnici\u00f3ns con patacas cocidas.<\/strong> Amplamente usadas en Galicia con carnes, pescados, polbo&#8230; son irresistibles.<\/li>\n<li><strong>Guarnici\u00f3ns con pur\u00e9 de patacas.<\/strong> Lonxe de ser algo aburrido ou sen sabor, o pur\u00e9 de patacas \u00e9 un dos mellores acompa\u00f1amentos que podes colocar sobre a mesa. O seu forte \u00e9 o contraste de texturas.<\/li>\n<\/ul>\n<h2>Pataca especial para guarnici\u00f3n. Caracter\u00edsticas<\/h2>\n<ul>\n<li>Calibre: 28-45 mm<\/li>\n<li>Forma dos tub\u00e9rculos: ovalada<\/li>\n<li>Pel fina e de cor amarela<\/li>\n<li>Cor da carne: amarela clara<\/li>\n<li>Lavada natural<\/li>\n<\/ul>\n<p>&nbsp;<\/p>\n<p>&nbsp;<\/p>\n<ul class=\"blogxcat\"><li class=\"listing-item\"><a class=\"image\" href=\"https:\/\/www.patatasconde.com\/gl\/5-receitas-con-patacas-sas-que-debes-conecer\"><img loading=\"lazy\" decoding=\"async\" width=\"500\" height=\"333\" src=\"https:\/\/www.patatasconde.com\/wp-content\/uploads\/5-recetas-con-patatas-sanas-que-debes-conocer.jpg\" class=\"attachment-medium size-medium wp-post-image\" alt=\"5 recetas con patatas sanas que debes conocer\" srcset=\"https:\/\/www.patatasconde.com\/wp-content\/uploads\/5-recetas-con-patatas-sanas-que-debes-conocer.jpg 500w, https:\/\/www.patatasconde.com\/wp-content\/uploads\/5-recetas-con-patatas-sanas-que-debes-conocer.jpg 1024w, https:\/\/www.patatasconde.com\/wp-content\/uploads\/5-recetas-con-patatas-sanas-que-debes-conocer.jpg 768w, https:\/\/www.patatasconde.com\/wp-content\/uploads\/5-recetas-con-patatas-sanas-que-debes-conocer.jpg 700w, https:\/\/www.patatasconde.com\/wp-content\/uploads\/5-recetas-con-patatas-sanas-que-debes-conocer.jpg 800w, https:\/\/www.patatasconde.com\/wp-content\/uploads\/5-recetas-con-patatas-sanas-que-debes-conocer.jpg 1080w\" sizes=\"auto, (max-width: 500px) 100vw, 500px\" \/><\/a> <a class=\"title\" href=\"https:\/\/www.patatasconde.com\/gl\/5-receitas-con-patacas-sas-que-debes-conecer\">5 receitas con patacas sas que debes co\u00f1ecer<\/a> <span class=\"excerpt\">Ao longo de todo este tempo compartimos convosco receitas con patacas sas de todo tipo. Facemos un recompilatorio de cinco. <\/span><\/li><li class=\"listing-item\"><a class=\"image\" href=\"https:\/\/www.patatasconde.com\/gl\/cal-e-a-orixe-da-pataca\"><img loading=\"lazy\" decoding=\"async\" width=\"500\" height=\"333\" src=\"https:\/\/www.patatasconde.com\/wp-content\/uploads\/\u00bfCua\u0301l-es-el-origen-de-la-patata-.jpg\" class=\"attachment-medium size-medium wp-post-image\" alt=\"\u00bfCu\u00e1l es el origen de la patata?\" srcset=\"https:\/\/www.patatasconde.com\/wp-content\/uploads\/\u00bfCua\u0301l-es-el-origen-de-la-patata-.jpg 500w, https:\/\/www.patatasconde.com\/wp-content\/uploads\/\u00bfCua\u0301l-es-el-origen-de-la-patata-.jpg 1024w, https:\/\/www.patatasconde.com\/wp-content\/uploads\/\u00bfCua\u0301l-es-el-origen-de-la-patata-.jpg 768w, https:\/\/www.patatasconde.com\/wp-content\/uploads\/\u00bfCua\u0301l-es-el-origen-de-la-patata-.jpg 700w, https:\/\/www.patatasconde.com\/wp-content\/uploads\/\u00bfCua\u0301l-es-el-origen-de-la-patata-.jpg 800w, https:\/\/www.patatasconde.com\/wp-content\/uploads\/\u00bfCua\u0301l-es-el-origen-de-la-patata-.jpg 1080w\" sizes=\"auto, (max-width: 500px) 100vw, 500px\" \/><\/a> <a class=\"title\" href=\"https:\/\/www.patatasconde.com\/gl\/cal-e-a-orixe-da-pataca\">Cal \u00e9 a orixe da pataca?<\/a> <span class=\"excerpt\">\u00c9 un produto habitual da nosa dieta pero, co\u00f1ecemos realmente a orixe da pataca? Neste post resolveremos esta e outras preguntas. <\/span><\/li><li class=\"listing-item\"><a class=\"image\" href=\"https:\/\/www.patatasconde.com\/gl\/como-preparar-patacas-ao-forno-con-cebola\"><img loading=\"lazy\" decoding=\"async\" width=\"500\" height=\"333\" src=\"https:\/\/www.patatasconde.com\/wp-content\/uploads\/Co\u0301mo-preparar-patatas-al-horno-con-cebolla.jpg\" class=\"attachment-medium size-medium wp-post-image\" alt=\"C\u00f3mo preparar patatas al horno con cebolla\" srcset=\"https:\/\/www.patatasconde.com\/wp-content\/uploads\/Co\u0301mo-preparar-patatas-al-horno-con-cebolla.jpg 500w, https:\/\/www.patatasconde.com\/wp-content\/uploads\/Co\u0301mo-preparar-patatas-al-horno-con-cebolla.jpg 1024w, https:\/\/www.patatasconde.com\/wp-content\/uploads\/Co\u0301mo-preparar-patatas-al-horno-con-cebolla.jpg 768w, https:\/\/www.patatasconde.com\/wp-content\/uploads\/Co\u0301mo-preparar-patatas-al-horno-con-cebolla.jpg 700w, https:\/\/www.patatasconde.com\/wp-content\/uploads\/Co\u0301mo-preparar-patatas-al-horno-con-cebolla.jpg 800w, https:\/\/www.patatasconde.com\/wp-content\/uploads\/Co\u0301mo-preparar-patatas-al-horno-con-cebolla.jpg 1080w\" sizes=\"auto, (max-width: 500px) 100vw, 500px\" \/><\/a> <a class=\"title\" href=\"https:\/\/www.patatasconde.com\/gl\/como-preparar-patacas-ao-forno-con-cebola\">Como preparar patacas ao forno con cebola<\/a> <span class=\"excerpt\">O forno sempre \u00e9 un aliado para facer sas e ricas receitas. Imos ver como preparar patacas ao forno con cebola de maneira r\u00e1pida e sinxela.<\/span><\/li><li class=\"listing-item\"><a class=\"image\" href=\"https:\/\/www.patatasconde.com\/gl\/5-receitas-de-salsas-para-patacas\"><img loading=\"lazy\" decoding=\"async\" width=\"500\" height=\"333\" src=\"https:\/\/www.patatasconde.com\/wp-content\/uploads\/5-recetas-de-salsas-para-patatas-imprescindibles.jpg\" class=\"attachment-medium size-medium wp-post-image\" alt=\"5 recetas de salsas para patatas imprescindibles\" srcset=\"https:\/\/www.patatasconde.com\/wp-content\/uploads\/5-recetas-de-salsas-para-patatas-imprescindibles.jpg 500w, https:\/\/www.patatasconde.com\/wp-content\/uploads\/5-recetas-de-salsas-para-patatas-imprescindibles.jpg 1024w, https:\/\/www.patatasconde.com\/wp-content\/uploads\/5-recetas-de-salsas-para-patatas-imprescindibles.jpg 768w, https:\/\/www.patatasconde.com\/wp-content\/uploads\/5-recetas-de-salsas-para-patatas-imprescindibles.jpg 700w, https:\/\/www.patatasconde.com\/wp-content\/uploads\/5-recetas-de-salsas-para-patatas-imprescindibles.jpg 800w, https:\/\/www.patatasconde.com\/wp-content\/uploads\/5-recetas-de-salsas-para-patatas-imprescindibles.jpg 1080w\" sizes=\"auto, (max-width: 500px) 100vw, 500px\" \/><\/a> <a class=\"title\" href=\"https:\/\/www.patatasconde.com\/gl\/5-receitas-de-salsas-para-patacas\">5 receitas de salsas para patacas imprescindibles<\/a> <span class=\"excerpt\">Unhas boas patacas g\u00f3zanse moito mellor cunha boa salsa. Propo\u00f1\u00e9mosche 5 receitas de salsas para patacas coas que vas a chupar os dedos. <\/span><\/li><li class=\"listing-item\"><a class=\"image\" href=\"https:\/\/www.patatasconde.com\/gl\/como-preparar-patacas-recheas\"><img loading=\"lazy\" decoding=\"async\" width=\"500\" height=\"333\" src=\"https:\/\/www.patatasconde.com\/wp-content\/uploads\/Co\u0301mo-preparar-patatas-rellenas.jpg\" class=\"attachment-medium size-medium wp-post-image\" alt=\"C\u00f3mo preparar patatas rellenas\" srcset=\"https:\/\/www.patatasconde.com\/wp-content\/uploads\/Co\u0301mo-preparar-patatas-rellenas.jpg 500w, https:\/\/www.patatasconde.com\/wp-content\/uploads\/Co\u0301mo-preparar-patatas-rellenas.jpg 1024w, https:\/\/www.patatasconde.com\/wp-content\/uploads\/Co\u0301mo-preparar-patatas-rellenas.jpg 768w, https:\/\/www.patatasconde.com\/wp-content\/uploads\/Co\u0301mo-preparar-patatas-rellenas.jpg 700w, https:\/\/www.patatasconde.com\/wp-content\/uploads\/Co\u0301mo-preparar-patatas-rellenas.jpg 800w, https:\/\/www.patatasconde.com\/wp-content\/uploads\/Co\u0301mo-preparar-patatas-rellenas.jpg 1080w\" sizes=\"auto, (max-width: 500px) 100vw, 500px\" \/><\/a> <a class=\"title\" href=\"https:\/\/www.patatasconde.com\/gl\/como-preparar-patacas-recheas\">Como preparar patacas recheas<\/a> <span class=\"excerpt\">Descubre como preparar patacas recheas con diferentes ingredientes:  at\u00fan, xam\u00f3n,  espinacas. Con esta receita ser\u00e1s un mago do forno. <\/span><\/li><li class=\"listing-item\"><a class=\"image\" href=\"https:\/\/www.patatasconde.com\/gl\/como-preparar-ovos-rotos-con-patacas\"><img loading=\"lazy\" decoding=\"async\" width=\"500\" height=\"333\" src=\"https:\/\/www.patatasconde.com\/wp-content\/uploads\/Co\u0301mo-preparar-huevos-rotos-con-patatas.jpg\" class=\"attachment-medium size-medium wp-post-image\" alt=\"C\u00f3mo preparar huevos rotos con patatas\" srcset=\"https:\/\/www.patatasconde.com\/wp-content\/uploads\/Co\u0301mo-preparar-huevos-rotos-con-patatas.jpg 500w, https:\/\/www.patatasconde.com\/wp-content\/uploads\/Co\u0301mo-preparar-huevos-rotos-con-patatas.jpg 1024w, https:\/\/www.patatasconde.com\/wp-content\/uploads\/Co\u0301mo-preparar-huevos-rotos-con-patatas.jpg 768w, https:\/\/www.patatasconde.com\/wp-content\/uploads\/Co\u0301mo-preparar-huevos-rotos-con-patatas.jpg 700w, https:\/\/www.patatasconde.com\/wp-content\/uploads\/Co\u0301mo-preparar-huevos-rotos-con-patatas.jpg 800w, https:\/\/www.patatasconde.com\/wp-content\/uploads\/Co\u0301mo-preparar-huevos-rotos-con-patatas.jpg 1080w\" sizes=\"auto, (max-width: 500px) 100vw, 500px\" \/><\/a> <a class=\"title\" href=\"https:\/\/www.patatasconde.com\/gl\/como-preparar-ovos-rotos-con-patacas\">Como preparar ovos rotos con patacas<\/a> <span class=\"excerpt\">Compartimos contigo varias receitas para saber como preparar ovos rotos con patacas e quedar como un aut\u00e9ntico chef de fin de semana. <\/span><\/li><li class=\"listing-item\"><a class=\"image\" href=\"https:\/\/www.patatasconde.com\/gl\/como-facer-unhas-patacas-alioli-perfectas\"><img loading=\"lazy\" decoding=\"async\" width=\"500\" height=\"333\" src=\"https:\/\/www.patatasconde.com\/wp-content\/uploads\/Co\u0301mo-hacer-unas-patatas-alioli-perfectas.jpg\" class=\"attachment-medium size-medium wp-post-image\" alt=\"C\u00f3mo hacer unas patatas alioli perfectas\" srcset=\"https:\/\/www.patatasconde.com\/wp-content\/uploads\/Co\u0301mo-hacer-unas-patatas-alioli-perfectas.jpg 500w, https:\/\/www.patatasconde.com\/wp-content\/uploads\/Co\u0301mo-hacer-unas-patatas-alioli-perfectas.jpg 1024w, https:\/\/www.patatasconde.com\/wp-content\/uploads\/Co\u0301mo-hacer-unas-patatas-alioli-perfectas.jpg 768w, https:\/\/www.patatasconde.com\/wp-content\/uploads\/Co\u0301mo-hacer-unas-patatas-alioli-perfectas.jpg 700w, https:\/\/www.patatasconde.com\/wp-content\/uploads\/Co\u0301mo-hacer-unas-patatas-alioli-perfectas.jpg 800w, https:\/\/www.patatasconde.com\/wp-content\/uploads\/Co\u0301mo-hacer-unas-patatas-alioli-perfectas.jpg 1080w\" sizes=\"auto, (max-width: 500px) 100vw, 500px\" \/><\/a> <a class=\"title\" href=\"https:\/\/www.patatasconde.com\/gl\/como-facer-unhas-patacas-alioli-perfectas\">Como facer unhas patacas alioli perfectas<\/a> <span class=\"excerpt\">Neste artigo imos ver a receita tradicional de patacas alioli e engadiremos un bonus cunha versi\u00f3n m\u00e1is moderna.<\/span><\/li><li class=\"listing-item\"><a class=\"image\" href=\"https:\/\/www.patatasconde.com\/gl\/receita-de-kebab-con-patacas\"><img loading=\"lazy\" decoding=\"async\" width=\"500\" height=\"333\" src=\"https:\/\/www.patatasconde.com\/wp-content\/uploads\/Receta-de-kebab-con-patatas.jpg\" class=\"attachment-medium size-medium wp-post-image\" alt=\"Receta de kebab con patatas\" srcset=\"https:\/\/www.patatasconde.com\/wp-content\/uploads\/Receta-de-kebab-con-patatas.jpg 500w, https:\/\/www.patatasconde.com\/wp-content\/uploads\/Receta-de-kebab-con-patatas.jpg 1024w, https:\/\/www.patatasconde.com\/wp-content\/uploads\/Receta-de-kebab-con-patatas.jpg 768w, https:\/\/www.patatasconde.com\/wp-content\/uploads\/Receta-de-kebab-con-patatas.jpg 700w, https:\/\/www.patatasconde.com\/wp-content\/uploads\/Receta-de-kebab-con-patatas.jpg 800w, https:\/\/www.patatasconde.com\/wp-content\/uploads\/Receta-de-kebab-con-patatas.jpg 1080w\" sizes=\"auto, (max-width: 500px) 100vw, 500px\" \/><\/a> <a class=\"title\" href=\"https:\/\/www.patatasconde.com\/gl\/receita-de-kebab-con-patacas\">Receita de  kebab con patacas<\/a> <span class=\"excerpt\">Imos preparar unha receita caseira de kebab con patacas para darte o gusto a pr\u00f3xima fin de semana pero antes indagaremos brevemente nas orixes deste prato.<\/span><\/li><li class=\"listing-item\"><a class=\"image\" href=\"https:\/\/www.patatasconde.com\/gl\/como-facer-patacas-fritas-de-bolsa\"><img loading=\"lazy\" decoding=\"async\" width=\"500\" height=\"333\" src=\"https:\/\/www.patatasconde.com\/wp-content\/uploads\/Co\u0301mo-hacer-patatas-fritas-de-bolsa.jpg\" class=\"attachment-medium size-medium wp-post-image\" alt=\"C\u00f3mo hacer patatas fritas de bolsa\" srcset=\"https:\/\/www.patatasconde.com\/wp-content\/uploads\/Co\u0301mo-hacer-patatas-fritas-de-bolsa.jpg 500w, https:\/\/www.patatasconde.com\/wp-content\/uploads\/Co\u0301mo-hacer-patatas-fritas-de-bolsa.jpg 1024w, https:\/\/www.patatasconde.com\/wp-content\/uploads\/Co\u0301mo-hacer-patatas-fritas-de-bolsa.jpg 768w, https:\/\/www.patatasconde.com\/wp-content\/uploads\/Co\u0301mo-hacer-patatas-fritas-de-bolsa.jpg 700w, https:\/\/www.patatasconde.com\/wp-content\/uploads\/Co\u0301mo-hacer-patatas-fritas-de-bolsa.jpg 800w, https:\/\/www.patatasconde.com\/wp-content\/uploads\/Co\u0301mo-hacer-patatas-fritas-de-bolsa.jpg 1080w\" sizes=\"auto, (max-width: 500px) 100vw, 500px\" \/><\/a> <a class=\"title\" href=\"https:\/\/www.patatasconde.com\/gl\/como-facer-patacas-fritas-de-bolsa\">Como facer patacas fritas de bolsa<\/a> <span class=\"excerpt\">Cales son as mellores patacas fritas de bolsa? Que tipo de patacas para fritir? Quen inventou as patacas fritas de bolsa? Cantas calor\u00edas ten unha bolsa de patacas fritas? Cal \u00e9 a mellor pataca de Espa\u00f1a?<\/span><\/li><li class=\"listing-item\"><a class=\"image\" href=\"https:\/\/www.patatasconde.com\/gl\/como-conservar-as-patacas-na-casa\"><img loading=\"lazy\" decoding=\"async\" width=\"500\" height=\"333\" src=\"https:\/\/www.patatasconde.com\/wp-content\/uploads\/Co\u0301mo-conservar-las-patatas-en-casa.jpg\" class=\"attachment-medium size-medium wp-post-image\" alt=\"C\u00f3mo conservar las patatas en casa\" srcset=\"https:\/\/www.patatasconde.com\/wp-content\/uploads\/Co\u0301mo-conservar-las-patatas-en-casa.jpg 500w, https:\/\/www.patatasconde.com\/wp-content\/uploads\/Co\u0301mo-conservar-las-patatas-en-casa.jpg 1024w, https:\/\/www.patatasconde.com\/wp-content\/uploads\/Co\u0301mo-conservar-las-patatas-en-casa.jpg 768w, https:\/\/www.patatasconde.com\/wp-content\/uploads\/Co\u0301mo-conservar-las-patatas-en-casa.jpg 700w, https:\/\/www.patatasconde.com\/wp-content\/uploads\/Co\u0301mo-conservar-las-patatas-en-casa.jpg 800w, https:\/\/www.patatasconde.com\/wp-content\/uploads\/Co\u0301mo-conservar-las-patatas-en-casa.jpg 1080w\" sizes=\"auto, (max-width: 500px) 100vw, 500px\" \/><\/a> <a class=\"title\" href=\"https:\/\/www.patatasconde.com\/gl\/como-conservar-as-patacas-na-casa\">Como conservar as patacas na casa<\/a> <span class=\"excerpt\">Sabes como conservar as patacas na casa? Segue as nosas recomendaci\u00f3ns nun novo artigo do noso blogue. <\/span><\/li><\/ul>\n","protected":false},"excerpt":{"rendered":"<p>A guarnici\u00f3n con patacas \u00e9 unha das m\u00e1i utilizadas. Existen diferentes tipos de guarnici\u00f3ns con patacas que se distinguen a partir da forma de preparar as mesmas.<\/p>\n","protected":false},"featured_media":17012,"template":"","meta":[],"product_brand":[],"product_cat":[328,335],"product_tag":[],"class_list":{"0":"post-17250","1":"product","2":"type-product","3":"status-publish","4":"has-post-thumbnail","6":"product_cat-gama","7":"product_cat-guarnicion","9":"first","10":"instock","11":"taxable","12":"shipping-taxable","13":"product-type-simple"},"amp_enabled":true,"_links":{"self":[{"href":"https:\/\/www.patatasconde.com\/gl\/wp-json\/wp\/v2\/product\/17250","targetHints":{"allow":["GET"]}}],"collection":[{"href":"https:\/\/www.patatasconde.com\/gl\/wp-json\/wp\/v2\/product"}],"about":[{"href":"https:\/\/www.patatasconde.com\/gl\/wp-json\/wp\/v2\/types\/product"}],"wp:featuredmedia":[{"embeddable":true,"href":"https:\/\/www.patatasconde.com\/gl\/wp-json\/wp\/v2\/media\/17012"}],"wp:attachment":[{"href":"https:\/\/www.patatasconde.com\/gl\/wp-json\/wp\/v2\/media?parent=17250"}],"wp:term":[{"taxonomy":"product_brand","embeddable":true,"href":"https:\/\/www.patatasconde.com\/gl\/wp-json\/wp\/v2\/product_brand?post=17250"},{"taxonomy":"product_cat","embeddable":true,"href":"https:\/\/www.patatasconde.com\/gl\/wp-json\/wp\/v2\/product_cat?post=17250"},{"taxonomy":"product_tag","embeddable":true,"href":"https:\/\/www.patatasconde.com\/gl\/wp-json\/wp\/v2\/product_tag?post=17250"}],"curies":[{"name":"wp","href":"https:\/\/api.w.org\/{rel}","templated":true}]}}