{"id":17171,"date":"2019-01-31T11:46:03","date_gmt":"2019-01-31T10:46:03","guid":{"rendered":"https:\/\/www.patatasconde.com\/?post_type=product&#038;p=17171"},"modified":"2019-05-06T17:58:36","modified_gmt":"2019-05-06T15:58:36","slug":"pataca-comun","status":"publish","type":"product","link":"https:\/\/www.patatasconde.com\/gl\/pataca-comun","title":{"rendered":"Pataca com\u00fan"},"content":{"rendered":"<p>A nosa pataca com\u00fan \u00e9 unha opci\u00f3n ideal para varios usos. P\u00f3dese utilizar para fritir, cocer ou asar. Existen 6 opci\u00f3ns diferentes de formatos:<br \/>\nBolsa 2,5 kg\u00a0 +\u00a0 Bolsa 3 kg\u00a0 +\u00a0 Bolsa 5 kg\u00a0 +\u00a0 Bolsa 10 kg\u00a0 +\u00a0 Bolsa 20 kg + Bolsa 25 kg<\/p>\n<p>A variedade depender\u00e1 da \u00e9poca do ano. Poden presentar unha cor amarela escura. As patacas env\u00e1sanse ao natural sen lavar ou lavadas.<\/p>\n<h2>Pataca com\u00fan. Caracter\u00edsticas<\/h2>\n<ul>\n<li>Variedade: depende da \u00e9poca do ano<\/li>\n<li>Calibre: 45-80 mm<\/li>\n<li>Forma dos tub\u00e9rculos: ovalada<\/li>\n<li>Pel de cor amarela escura e amarela clara<\/li>\n<li>Cor da carne: amarela escura a branca<\/li>\n<li>Natural sen lavar ou lavada<\/li>\n<\/ul>\n","protected":false},"excerpt":{"rendered":"<p>A nosa pataca com\u00fan \u00e9 unha opci\u00f3n ideal para varios usos. P\u00f3dese utilizar para fritir, cocer ou asar. Existen 6 opci\u00f3ns diferentes de formatos.<\/p>\n","protected":false},"featured_media":17024,"template":"","meta":[],"product_brand":[],"product_cat":[328,333,324,325,326,327,344],"product_tag":[],"class_list":{"0":"post-17171","1":"product","2":"type-product","3":"status-publish","4":"has-post-thumbnail","6":"product_cat-gama","7":"product_cat-comun","8":"product_cat-peso","9":"product_cat-3kg","10":"product_cat-5kg","11":"product_cat-10kg","12":"product_cat-25kg","14":"first","15":"instock","16":"taxable","17":"shipping-taxable","18":"product-type-simple"},"amp_enabled":true,"_links":{"self":[{"href":"https:\/\/www.patatasconde.com\/gl\/wp-json\/wp\/v2\/product\/17171","targetHints":{"allow":["GET"]}}],"collection":[{"href":"https:\/\/www.patatasconde.com\/gl\/wp-json\/wp\/v2\/product"}],"about":[{"href":"https:\/\/www.patatasconde.com\/gl\/wp-json\/wp\/v2\/types\/product"}],"wp:featuredmedia":[{"embeddable":true,"href":"https:\/\/www.patatasconde.com\/gl\/wp-json\/wp\/v2\/media\/17024"}],"wp:attachment":[{"href":"https:\/\/www.patatasconde.com\/gl\/wp-json\/wp\/v2\/media?parent=17171"}],"wp:term":[{"taxonomy":"product_brand","embeddable":true,"href":"https:\/\/www.patatasconde.com\/gl\/wp-json\/wp\/v2\/product_brand?post=17171"},{"taxonomy":"product_cat","embeddable":true,"href":"https:\/\/www.patatasconde.com\/gl\/wp-json\/wp\/v2\/product_cat?post=17171"},{"taxonomy":"product_tag","embeddable":true,"href":"https:\/\/www.patatasconde.com\/gl\/wp-json\/wp\/v2\/product_tag?post=17171"}],"curies":[{"name":"wp","href":"https:\/\/api.w.org\/{rel}","templated":true}]}}