{"id":17169,"date":"2019-01-31T11:41:35","date_gmt":"2019-01-31T10:41:35","guid":{"rendered":"https:\/\/www.patatasconde.com\/?post_type=product&#038;p=17169"},"modified":"2020-05-22T00:37:37","modified_gmt":"2020-05-21T22:37:37","slug":"comprar-patacas-para-asar","status":"publish","type":"product","link":"https:\/\/www.patatasconde.com\/gl\/comprar-patacas-para-asar","title":{"rendered":"Patacas para asar"},"content":{"rendered":"<blockquote><p>Es dos que lle custa agardar para quitar o papel de prata e comer unhas boas patacas asadas no lume? G\u00fastache preparar ricas receitas de patacas ao forno? Esta \u00e9 a t\u00faa opci\u00f3n perfecta.<\/p>\n<p>O como facer patacas asadas ao forno ou ao lume non ten moito misterio. As patacas asadas son f\u00e1ciles de preparar e ademais ofr\u00e9cennos m\u00faltiples opci\u00f3ns para combinar, tanto no que se refire a prebes como \u00e1 carne ou pescado ao que acompa\u00f1ar. O segredo est\u00e1 en escoller boa materia prima.<\/p>\n<p><i>Podes comprar esta pataca <\/i><i><u><a href=\"https:\/\/www.patatasconde.com\/patata-comun-caja\">AQU\u00cd<\/a>.<\/u><\/i><\/p><\/blockquote>\n<p>Como xa dixemos, p\u00f3dense asar patacas de d\u00faas formas:<\/p>\n<ul>\n<li><strong>Patacas ao lume.<\/strong> Prepara o papel de prata e envolve ben as patacas. Con esta cuberta protexeremos o tub\u00e9rculo da excesiva calor e do contacto directo co lume. Conseguiremos as\u00ed que a calor se reparta uniforme por toda a pataca, quedando unha textura moi agradable ao padal.<\/li>\n<li><strong>Patacas ao forno.<\/strong> O forno proporci\u00f3nanos a capacidade de xogar m\u00e1is, ser m\u00e1is creativos. O corte, o tempo de forneado, a temperatura, as prebes e os condimentos&#8230; existen m\u00faltiples factores dos que podemos servirnos para ser creativos e conseguir sabores deliciosos.<\/li>\n<\/ul>\n<h2>Patacas para asar. Caracter\u00edsticas<\/h2>\n<ul>\n<li>Calibre: 50-60 mm<\/li>\n<li>Forma dos tub\u00e9rculos: ovalada<\/li>\n<li>Pel fina e de cor amarela clara a amarela<\/li>\n<li>Cor da carne: amarela claro<\/li>\n<li>Lavada natural<\/li>\n<\/ul>\n<h2>Como preparar patacas asadas?<\/h2>\n<h3>Como preparar patacas asadas ao forno?<\/h3>\n<ol>\n<li>Antes de nada lavaremos as patacas. Non as pelaremos. L\u00e1vanse ben con auga e ret\u00edranse os restos de terra se os houbese.<\/li>\n<li>Untamos o recipiente no que colocaremos as patacas con aceite de oliva.<\/li>\n<li>Cortamos as patacas ao longo e salamos ao gusto. Tam\u00e9n podemos engadir herbas arom\u00e1ticas. Existen varias opci\u00f3ns e para gustos hai cores.<\/li>\n<li>Colocamos as patacas no recipiente coa pel cara a arriba. As\u00ed conseguiremos que a cara condimentada se impregne ben co aceite.<\/li>\n<li>Agora toca metelas no forno, que debemos quentar previamente a uns 180\u00ba. As patacas estar\u00e1n forne\u00e1ndose arredor de media hora.<\/li>\n<li>Unha vez pasado este tempo, para comprobar se est\u00e1n listas fixar\u00e9monos na pel (deber\u00eda estar enrugada). Se ademais esvaran con facilidade sobre o aceite, saberemos que est\u00e1n listas para sacar.<\/li>\n<li>O \u00faltimo paso, por suposto, \u00e9 servir e gozar do seu sabor.<\/li>\n<\/ol>\n<h3>Como preparar patacas asadas ao lume?<\/h3>\n<ol>\n<li>Primeiro lavamos as patacas con auga. Non as pelamos.<\/li>\n<li>Envolvemos as patacas en papel de aluminio ou papel de prata. A denominaci\u00f3n que prefirades.<\/li>\n<li>Colocamos as patacas sobre as brasas (nunha grella) ou enterradas nas mesmas. Existen as d\u00faas opci\u00f3ns.<\/li>\n<li>M\u00e1is ou menos, en funci\u00f3n da cantidade de brasa, deixaremos que as patacas se fagan durante 50 minutos.<\/li>\n<li>Unha vez sacamos as patacas do lume, desenvolv\u00e9molas con moito coidado de non queimarnos. O truco para saber se est\u00e1n listas \u00e9 pinch\u00e1ndoas. Se est\u00e1n brandas, poderemos comelas.<\/li>\n<li>O \u00faltimo paso \u00e9 cuesti\u00f3n de gustos. Sal, sempre. Os condimentos p\u00f3delos elixir ti. O noso libro de receitas darache algunhas ideas.<\/li>\n<\/ol>\n<p>&nbsp;<\/p>\n<ul class=\"blogxcat\"><li class=\"listing-item\"><a class=\"image\" href=\"https:\/\/www.patatasconde.com\/gl\/5-receitas-con-patacas-sas-que-debes-conecer\"><img loading=\"lazy\" decoding=\"async\" width=\"500\" height=\"333\" src=\"https:\/\/www.patatasconde.com\/wp-content\/uploads\/5-recetas-con-patatas-sanas-que-debes-conocer.jpg\" class=\"attachment-medium size-medium wp-post-image\" alt=\"5 recetas con patatas sanas que debes conocer\" srcset=\"https:\/\/www.patatasconde.com\/wp-content\/uploads\/5-recetas-con-patatas-sanas-que-debes-conocer.jpg 500w, https:\/\/www.patatasconde.com\/wp-content\/uploads\/5-recetas-con-patatas-sanas-que-debes-conocer.jpg 1024w, https:\/\/www.patatasconde.com\/wp-content\/uploads\/5-recetas-con-patatas-sanas-que-debes-conocer.jpg 768w, https:\/\/www.patatasconde.com\/wp-content\/uploads\/5-recetas-con-patatas-sanas-que-debes-conocer.jpg 700w, https:\/\/www.patatasconde.com\/wp-content\/uploads\/5-recetas-con-patatas-sanas-que-debes-conocer.jpg 800w, https:\/\/www.patatasconde.com\/wp-content\/uploads\/5-recetas-con-patatas-sanas-que-debes-conocer.jpg 1080w\" sizes=\"auto, (max-width: 500px) 100vw, 500px\" \/><\/a> <a class=\"title\" href=\"https:\/\/www.patatasconde.com\/gl\/5-receitas-con-patacas-sas-que-debes-conecer\">5 receitas con patacas sas que debes co\u00f1ecer<\/a> <span class=\"excerpt\">Ao longo de todo este tempo compartimos convosco receitas con patacas sas de todo tipo. Facemos un recompilatorio de cinco. <\/span><\/li><li class=\"listing-item\"><a class=\"image\" href=\"https:\/\/www.patatasconde.com\/gl\/cal-e-a-orixe-da-pataca\"><img loading=\"lazy\" decoding=\"async\" width=\"500\" height=\"333\" src=\"https:\/\/www.patatasconde.com\/wp-content\/uploads\/\u00bfCua\u0301l-es-el-origen-de-la-patata-.jpg\" class=\"attachment-medium size-medium wp-post-image\" alt=\"\u00bfCu\u00e1l es el origen de la patata?\" srcset=\"https:\/\/www.patatasconde.com\/wp-content\/uploads\/\u00bfCua\u0301l-es-el-origen-de-la-patata-.jpg 500w, https:\/\/www.patatasconde.com\/wp-content\/uploads\/\u00bfCua\u0301l-es-el-origen-de-la-patata-.jpg 1024w, https:\/\/www.patatasconde.com\/wp-content\/uploads\/\u00bfCua\u0301l-es-el-origen-de-la-patata-.jpg 768w, https:\/\/www.patatasconde.com\/wp-content\/uploads\/\u00bfCua\u0301l-es-el-origen-de-la-patata-.jpg 700w, https:\/\/www.patatasconde.com\/wp-content\/uploads\/\u00bfCua\u0301l-es-el-origen-de-la-patata-.jpg 800w, https:\/\/www.patatasconde.com\/wp-content\/uploads\/\u00bfCua\u0301l-es-el-origen-de-la-patata-.jpg 1080w\" sizes=\"auto, (max-width: 500px) 100vw, 500px\" \/><\/a> <a class=\"title\" href=\"https:\/\/www.patatasconde.com\/gl\/cal-e-a-orixe-da-pataca\">Cal \u00e9 a orixe da pataca?<\/a> <span class=\"excerpt\">\u00c9 un produto habitual da nosa dieta pero, co\u00f1ecemos realmente a orixe da pataca? Neste post resolveremos esta e outras preguntas. <\/span><\/li><li class=\"listing-item\"><a class=\"image\" href=\"https:\/\/www.patatasconde.com\/gl\/como-preparar-patacas-ao-forno-con-cebola\"><img loading=\"lazy\" decoding=\"async\" width=\"500\" height=\"333\" src=\"https:\/\/www.patatasconde.com\/wp-content\/uploads\/Co\u0301mo-preparar-patatas-al-horno-con-cebolla.jpg\" class=\"attachment-medium size-medium wp-post-image\" alt=\"C\u00f3mo preparar patatas al horno con cebolla\" srcset=\"https:\/\/www.patatasconde.com\/wp-content\/uploads\/Co\u0301mo-preparar-patatas-al-horno-con-cebolla.jpg 500w, https:\/\/www.patatasconde.com\/wp-content\/uploads\/Co\u0301mo-preparar-patatas-al-horno-con-cebolla.jpg 1024w, https:\/\/www.patatasconde.com\/wp-content\/uploads\/Co\u0301mo-preparar-patatas-al-horno-con-cebolla.jpg 768w, https:\/\/www.patatasconde.com\/wp-content\/uploads\/Co\u0301mo-preparar-patatas-al-horno-con-cebolla.jpg 700w, https:\/\/www.patatasconde.com\/wp-content\/uploads\/Co\u0301mo-preparar-patatas-al-horno-con-cebolla.jpg 800w, https:\/\/www.patatasconde.com\/wp-content\/uploads\/Co\u0301mo-preparar-patatas-al-horno-con-cebolla.jpg 1080w\" sizes=\"auto, (max-width: 500px) 100vw, 500px\" \/><\/a> <a class=\"title\" href=\"https:\/\/www.patatasconde.com\/gl\/como-preparar-patacas-ao-forno-con-cebola\">Como preparar patacas ao forno con cebola<\/a> <span class=\"excerpt\">O forno sempre \u00e9 un aliado para facer sas e ricas receitas. Imos ver como preparar patacas ao forno con cebola de maneira r\u00e1pida e sinxela.<\/span><\/li><li class=\"listing-item\"><a class=\"image\" href=\"https:\/\/www.patatasconde.com\/gl\/5-receitas-de-salsas-para-patacas\"><img loading=\"lazy\" decoding=\"async\" width=\"500\" height=\"333\" src=\"https:\/\/www.patatasconde.com\/wp-content\/uploads\/5-recetas-de-salsas-para-patatas-imprescindibles.jpg\" class=\"attachment-medium size-medium wp-post-image\" alt=\"5 recetas de salsas para patatas imprescindibles\" srcset=\"https:\/\/www.patatasconde.com\/wp-content\/uploads\/5-recetas-de-salsas-para-patatas-imprescindibles.jpg 500w, https:\/\/www.patatasconde.com\/wp-content\/uploads\/5-recetas-de-salsas-para-patatas-imprescindibles.jpg 1024w, https:\/\/www.patatasconde.com\/wp-content\/uploads\/5-recetas-de-salsas-para-patatas-imprescindibles.jpg 768w, https:\/\/www.patatasconde.com\/wp-content\/uploads\/5-recetas-de-salsas-para-patatas-imprescindibles.jpg 700w, https:\/\/www.patatasconde.com\/wp-content\/uploads\/5-recetas-de-salsas-para-patatas-imprescindibles.jpg 800w, https:\/\/www.patatasconde.com\/wp-content\/uploads\/5-recetas-de-salsas-para-patatas-imprescindibles.jpg 1080w\" sizes=\"auto, (max-width: 500px) 100vw, 500px\" \/><\/a> <a class=\"title\" href=\"https:\/\/www.patatasconde.com\/gl\/5-receitas-de-salsas-para-patacas\">5 receitas de salsas para patacas imprescindibles<\/a> <span class=\"excerpt\">Unhas boas patacas g\u00f3zanse moito mellor cunha boa salsa. Propo\u00f1\u00e9mosche 5 receitas de salsas para patacas coas que vas a chupar os dedos. <\/span><\/li><li class=\"listing-item\"><a class=\"image\" href=\"https:\/\/www.patatasconde.com\/gl\/como-preparar-patacas-recheas\"><img loading=\"lazy\" decoding=\"async\" width=\"500\" height=\"333\" src=\"https:\/\/www.patatasconde.com\/wp-content\/uploads\/Co\u0301mo-preparar-patatas-rellenas.jpg\" class=\"attachment-medium size-medium wp-post-image\" alt=\"C\u00f3mo preparar patatas rellenas\" srcset=\"https:\/\/www.patatasconde.com\/wp-content\/uploads\/Co\u0301mo-preparar-patatas-rellenas.jpg 500w, https:\/\/www.patatasconde.com\/wp-content\/uploads\/Co\u0301mo-preparar-patatas-rellenas.jpg 1024w, https:\/\/www.patatasconde.com\/wp-content\/uploads\/Co\u0301mo-preparar-patatas-rellenas.jpg 768w, https:\/\/www.patatasconde.com\/wp-content\/uploads\/Co\u0301mo-preparar-patatas-rellenas.jpg 700w, https:\/\/www.patatasconde.com\/wp-content\/uploads\/Co\u0301mo-preparar-patatas-rellenas.jpg 800w, https:\/\/www.patatasconde.com\/wp-content\/uploads\/Co\u0301mo-preparar-patatas-rellenas.jpg 1080w\" sizes=\"auto, (max-width: 500px) 100vw, 500px\" \/><\/a> <a class=\"title\" href=\"https:\/\/www.patatasconde.com\/gl\/como-preparar-patacas-recheas\">Como preparar patacas recheas<\/a> <span class=\"excerpt\">Descubre como preparar patacas recheas con diferentes ingredientes:  at\u00fan, xam\u00f3n,  espinacas. Con esta receita ser\u00e1s un mago do forno. <\/span><\/li><li class=\"listing-item\"><a class=\"image\" href=\"https:\/\/www.patatasconde.com\/gl\/como-preparar-ovos-rotos-con-patacas\"><img loading=\"lazy\" decoding=\"async\" width=\"500\" height=\"333\" src=\"https:\/\/www.patatasconde.com\/wp-content\/uploads\/Co\u0301mo-preparar-huevos-rotos-con-patatas.jpg\" class=\"attachment-medium size-medium wp-post-image\" alt=\"C\u00f3mo preparar huevos rotos con patatas\" srcset=\"https:\/\/www.patatasconde.com\/wp-content\/uploads\/Co\u0301mo-preparar-huevos-rotos-con-patatas.jpg 500w, https:\/\/www.patatasconde.com\/wp-content\/uploads\/Co\u0301mo-preparar-huevos-rotos-con-patatas.jpg 1024w, https:\/\/www.patatasconde.com\/wp-content\/uploads\/Co\u0301mo-preparar-huevos-rotos-con-patatas.jpg 768w, https:\/\/www.patatasconde.com\/wp-content\/uploads\/Co\u0301mo-preparar-huevos-rotos-con-patatas.jpg 700w, https:\/\/www.patatasconde.com\/wp-content\/uploads\/Co\u0301mo-preparar-huevos-rotos-con-patatas.jpg 800w, https:\/\/www.patatasconde.com\/wp-content\/uploads\/Co\u0301mo-preparar-huevos-rotos-con-patatas.jpg 1080w\" sizes=\"auto, (max-width: 500px) 100vw, 500px\" \/><\/a> <a class=\"title\" href=\"https:\/\/www.patatasconde.com\/gl\/como-preparar-ovos-rotos-con-patacas\">Como preparar ovos rotos con patacas<\/a> <span class=\"excerpt\">Compartimos contigo varias receitas para saber como preparar ovos rotos con patacas e quedar como un aut\u00e9ntico chef de fin de semana. <\/span><\/li><li class=\"listing-item\"><a class=\"image\" href=\"https:\/\/www.patatasconde.com\/gl\/como-facer-unhas-patacas-alioli-perfectas\"><img loading=\"lazy\" decoding=\"async\" width=\"500\" height=\"333\" src=\"https:\/\/www.patatasconde.com\/wp-content\/uploads\/Co\u0301mo-hacer-unas-patatas-alioli-perfectas.jpg\" class=\"attachment-medium size-medium wp-post-image\" alt=\"C\u00f3mo hacer unas patatas alioli perfectas\" srcset=\"https:\/\/www.patatasconde.com\/wp-content\/uploads\/Co\u0301mo-hacer-unas-patatas-alioli-perfectas.jpg 500w, https:\/\/www.patatasconde.com\/wp-content\/uploads\/Co\u0301mo-hacer-unas-patatas-alioli-perfectas.jpg 1024w, https:\/\/www.patatasconde.com\/wp-content\/uploads\/Co\u0301mo-hacer-unas-patatas-alioli-perfectas.jpg 768w, https:\/\/www.patatasconde.com\/wp-content\/uploads\/Co\u0301mo-hacer-unas-patatas-alioli-perfectas.jpg 700w, https:\/\/www.patatasconde.com\/wp-content\/uploads\/Co\u0301mo-hacer-unas-patatas-alioli-perfectas.jpg 800w, https:\/\/www.patatasconde.com\/wp-content\/uploads\/Co\u0301mo-hacer-unas-patatas-alioli-perfectas.jpg 1080w\" sizes=\"auto, (max-width: 500px) 100vw, 500px\" \/><\/a> <a class=\"title\" href=\"https:\/\/www.patatasconde.com\/gl\/como-facer-unhas-patacas-alioli-perfectas\">Como facer unhas patacas alioli perfectas<\/a> <span class=\"excerpt\">Neste artigo imos ver a receita tradicional de patacas alioli e engadiremos un bonus cunha versi\u00f3n m\u00e1is moderna.<\/span><\/li><li class=\"listing-item\"><a class=\"image\" href=\"https:\/\/www.patatasconde.com\/gl\/receita-de-kebab-con-patacas\"><img loading=\"lazy\" decoding=\"async\" width=\"500\" height=\"333\" src=\"https:\/\/www.patatasconde.com\/wp-content\/uploads\/Receta-de-kebab-con-patatas.jpg\" class=\"attachment-medium size-medium wp-post-image\" alt=\"Receta de kebab con patatas\" srcset=\"https:\/\/www.patatasconde.com\/wp-content\/uploads\/Receta-de-kebab-con-patatas.jpg 500w, https:\/\/www.patatasconde.com\/wp-content\/uploads\/Receta-de-kebab-con-patatas.jpg 1024w, https:\/\/www.patatasconde.com\/wp-content\/uploads\/Receta-de-kebab-con-patatas.jpg 768w, https:\/\/www.patatasconde.com\/wp-content\/uploads\/Receta-de-kebab-con-patatas.jpg 700w, https:\/\/www.patatasconde.com\/wp-content\/uploads\/Receta-de-kebab-con-patatas.jpg 800w, https:\/\/www.patatasconde.com\/wp-content\/uploads\/Receta-de-kebab-con-patatas.jpg 1080w\" sizes=\"auto, (max-width: 500px) 100vw, 500px\" \/><\/a> <a class=\"title\" href=\"https:\/\/www.patatasconde.com\/gl\/receita-de-kebab-con-patacas\">Receita de  kebab con patacas<\/a> <span class=\"excerpt\">Imos preparar unha receita caseira de kebab con patacas para darte o gusto a pr\u00f3xima fin de semana pero antes indagaremos brevemente nas orixes deste prato.<\/span><\/li><li class=\"listing-item\"><a class=\"image\" href=\"https:\/\/www.patatasconde.com\/gl\/como-facer-patacas-fritas-de-bolsa\"><img loading=\"lazy\" decoding=\"async\" width=\"500\" height=\"333\" src=\"https:\/\/www.patatasconde.com\/wp-content\/uploads\/Co\u0301mo-hacer-patatas-fritas-de-bolsa.jpg\" class=\"attachment-medium size-medium wp-post-image\" alt=\"C\u00f3mo hacer patatas fritas de bolsa\" srcset=\"https:\/\/www.patatasconde.com\/wp-content\/uploads\/Co\u0301mo-hacer-patatas-fritas-de-bolsa.jpg 500w, https:\/\/www.patatasconde.com\/wp-content\/uploads\/Co\u0301mo-hacer-patatas-fritas-de-bolsa.jpg 1024w, https:\/\/www.patatasconde.com\/wp-content\/uploads\/Co\u0301mo-hacer-patatas-fritas-de-bolsa.jpg 768w, https:\/\/www.patatasconde.com\/wp-content\/uploads\/Co\u0301mo-hacer-patatas-fritas-de-bolsa.jpg 700w, https:\/\/www.patatasconde.com\/wp-content\/uploads\/Co\u0301mo-hacer-patatas-fritas-de-bolsa.jpg 800w, https:\/\/www.patatasconde.com\/wp-content\/uploads\/Co\u0301mo-hacer-patatas-fritas-de-bolsa.jpg 1080w\" sizes=\"auto, (max-width: 500px) 100vw, 500px\" \/><\/a> <a class=\"title\" href=\"https:\/\/www.patatasconde.com\/gl\/como-facer-patacas-fritas-de-bolsa\">Como facer patacas fritas de bolsa<\/a> <span class=\"excerpt\">Cales son as mellores patacas fritas de bolsa? Que tipo de patacas para fritir? Quen inventou as patacas fritas de bolsa? Cantas calor\u00edas ten unha bolsa de patacas fritas? Cal \u00e9 a mellor pataca de Espa\u00f1a?<\/span><\/li><li class=\"listing-item\"><a class=\"image\" href=\"https:\/\/www.patatasconde.com\/gl\/como-conservar-as-patacas-na-casa\"><img loading=\"lazy\" decoding=\"async\" width=\"500\" height=\"333\" src=\"https:\/\/www.patatasconde.com\/wp-content\/uploads\/Co\u0301mo-conservar-las-patatas-en-casa.jpg\" class=\"attachment-medium size-medium wp-post-image\" alt=\"C\u00f3mo conservar las patatas en casa\" srcset=\"https:\/\/www.patatasconde.com\/wp-content\/uploads\/Co\u0301mo-conservar-las-patatas-en-casa.jpg 500w, https:\/\/www.patatasconde.com\/wp-content\/uploads\/Co\u0301mo-conservar-las-patatas-en-casa.jpg 1024w, https:\/\/www.patatasconde.com\/wp-content\/uploads\/Co\u0301mo-conservar-las-patatas-en-casa.jpg 768w, https:\/\/www.patatasconde.com\/wp-content\/uploads\/Co\u0301mo-conservar-las-patatas-en-casa.jpg 700w, https:\/\/www.patatasconde.com\/wp-content\/uploads\/Co\u0301mo-conservar-las-patatas-en-casa.jpg 800w, https:\/\/www.patatasconde.com\/wp-content\/uploads\/Co\u0301mo-conservar-las-patatas-en-casa.jpg 1080w\" sizes=\"auto, (max-width: 500px) 100vw, 500px\" \/><\/a> <a class=\"title\" href=\"https:\/\/www.patatasconde.com\/gl\/como-conservar-as-patacas-na-casa\">Como conservar as patacas na casa<\/a> <span class=\"excerpt\">Sabes como conservar as patacas na casa? Segue as nosas recomendaci\u00f3ns nun novo artigo do noso blogue. <\/span><\/li><\/ul>\n","protected":false},"excerpt":{"rendered":"<p>As patacas asadas son moi f\u00e1ciles de preparar e podemos combinalas de m\u00faltiples formas para inclu\u00edlas en diferentes receitas.<\/p>\n","protected":false},"featured_media":17030,"template":"","meta":[],"product_brand":[],"product_cat":[328,332],"product_tag":[],"class_list":{"0":"post-17169","1":"product","2":"type-product","3":"status-publish","4":"has-post-thumbnail","6":"product_cat-gama","7":"product_cat-asar","9":"first","10":"instock","11":"taxable","12":"shipping-taxable","13":"product-type-simple"},"amp_enabled":true,"_links":{"self":[{"href":"https:\/\/www.patatasconde.com\/gl\/wp-json\/wp\/v2\/product\/17169","targetHints":{"allow":["GET"]}}],"collection":[{"href":"https:\/\/www.patatasconde.com\/gl\/wp-json\/wp\/v2\/product"}],"about":[{"href":"https:\/\/www.patatasconde.com\/gl\/wp-json\/wp\/v2\/types\/product"}],"wp:featuredmedia":[{"embeddable":true,"href":"https:\/\/www.patatasconde.com\/gl\/wp-json\/wp\/v2\/media\/17030"}],"wp:attachment":[{"href":"https:\/\/www.patatasconde.com\/gl\/wp-json\/wp\/v2\/media?parent=17169"}],"wp:term":[{"taxonomy":"product_brand","embeddable":true,"href":"https:\/\/www.patatasconde.com\/gl\/wp-json\/wp\/v2\/product_brand?post=17169"},{"taxonomy":"product_cat","embeddable":true,"href":"https:\/\/www.patatasconde.com\/gl\/wp-json\/wp\/v2\/product_cat?post=17169"},{"taxonomy":"product_tag","embeddable":true,"href":"https:\/\/www.patatasconde.com\/gl\/wp-json\/wp\/v2\/product_tag?post=17169"}],"curies":[{"name":"wp","href":"https:\/\/api.w.org\/{rel}","templated":true}]}}