{"id":17167,"date":"2019-01-31T11:37:53","date_gmt":"2019-01-31T10:37:53","guid":{"rendered":"https:\/\/www.patatasconde.com\/?post_type=product&#038;p=17167"},"modified":"2019-03-15T18:00:56","modified_gmt":"2019-03-15T17:00:56","slug":"saco-pataca-15-kg","status":"publish","type":"product","link":"https:\/\/www.patatasconde.com\/gl\/saco-pataca-15-kg","title":{"rendered":"Saco de patacas de 15 kg"},"content":{"rendered":"<blockquote><p>Pataca com\u00fan destinada a diferentes usos. P\u00f3dense utilizar para cocer, asar ou fritir. Presentaci\u00f3n neste saco de patacas de 15 kg. Este \u00e9 un formato ideal para fogares familiares. Econ\u00f3mico e manexable. Prepara as <a href=\"https:\/\/www.patatasconde.com\/gl\/receitas-con-patacas\" target=\"_blank\" rel=\"noopener\">mellores receitas con patacas<\/a> para os teus.<\/p>\n<p>A variedade da pataca depender\u00e1 da \u00e9poca do ano. Poden presentar unha cor amarela escura. A pataca env\u00e1sase ao natural sen lavar.<\/p><\/blockquote>\n<h2>Saco de patacas de 15 kg. Caracter\u00edsticas<\/h2>\n<ul>\n<li>Calibre: 50-80 mm<\/li>\n<li>Forma dos tub\u00e9rculos: ovalada<\/li>\n<li>Pel de cor amarela clara a amarela<\/li>\n<li>Cor da carne: amarela clara<\/li>\n<li>Natural sen lavar<\/li>\n<\/ul>\n","protected":false},"excerpt":{"rendered":"<p>Este \u00e9 un formato ideal para fogares familiares. Econ\u00f3mico e manexable. Prepara as mellores receitas coas patacas para os teus.<\/p>\n","protected":false},"featured_media":17484,"template":"","meta":[],"product_brand":[],"product_cat":[328,332,330,331,324,339],"product_tag":[],"class_list":{"0":"post-17167","1":"product","2":"type-product","3":"status-publish","4":"has-post-thumbnail","6":"product_cat-gama","7":"product_cat-asar","8":"product_cat-cocer","9":"product_cat-fritir","10":"product_cat-peso","11":"product_cat-15kg","13":"first","14":"instock","15":"taxable","16":"shipping-taxable","17":"product-type-simple"},"amp_enabled":true,"_links":{"self":[{"href":"https:\/\/www.patatasconde.com\/gl\/wp-json\/wp\/v2\/product\/17167","targetHints":{"allow":["GET"]}}],"collection":[{"href":"https:\/\/www.patatasconde.com\/gl\/wp-json\/wp\/v2\/product"}],"about":[{"href":"https:\/\/www.patatasconde.com\/gl\/wp-json\/wp\/v2\/types\/product"}],"wp:featuredmedia":[{"embeddable":true,"href":"https:\/\/www.patatasconde.com\/gl\/wp-json\/wp\/v2\/media\/17484"}],"wp:attachment":[{"href":"https:\/\/www.patatasconde.com\/gl\/wp-json\/wp\/v2\/media?parent=17167"}],"wp:term":[{"taxonomy":"product_brand","embeddable":true,"href":"https:\/\/www.patatasconde.com\/gl\/wp-json\/wp\/v2\/product_brand?post=17167"},{"taxonomy":"product_cat","embeddable":true,"href":"https:\/\/www.patatasconde.com\/gl\/wp-json\/wp\/v2\/product_cat?post=17167"},{"taxonomy":"product_tag","embeddable":true,"href":"https:\/\/www.patatasconde.com\/gl\/wp-json\/wp\/v2\/product_tag?post=17167"}],"curies":[{"name":"wp","href":"https:\/\/api.w.org\/{rel}","templated":true}]}}