{"id":17065,"date":"2019-01-30T15:25:08","date_gmt":"2019-01-30T14:25:08","guid":{"rendered":"https:\/\/www.patatasconde.com\/?post_type=product&#038;p=17065"},"modified":"2025-09-22T08:08:53","modified_gmt":"2025-09-22T06:08:53","slug":"comprar-cachelos-3kg","status":"publish","type":"product","link":"https:\/\/www.patatasconde.com\/gl\/comprar-cachelos-3kg","title":{"rendered":"Cachelos kg"},"content":{"rendered":"<h2>De onde ve\u00f1en os cachelos?<\/h2>\n<p><strong>Vas comprar cachelos para esa comida da fin de semana que est\u00e1s organizando pero, sabes de onde v\u00e9n a palabra cachelo?\u00a0<\/strong>A definici\u00f3n de cachelo \u00e9 similar en toda a xeograf\u00eda galega. No entando, existen variaci\u00f3ns, matices no que a xente entende por cachelo dependendo da zona na que nos atopemos.<\/p>\n<p>No interior de Galicia os cachelos son patacas que se cortan en anacos e se cocen con sal e auga. Nos duros tempos da posguerra, os anacos ou cachos da pataca sobrantes do corte de brotes para sementar eran cocidos coa pel.<\/p>\n<p>A acepci\u00f3n m\u00e1is estendida no interior \u00e9 a da pataca cortada en anacos, pero cun matiz. O corte non debe ser limpo, sen\u00f3n que debe escachar ou romper. As\u00ed \u00e9 como se consegue o sabor caracter\u00edstico do cachelo.<\/p>\n<p>Nas zonas de costa da Coru\u00f1a e Pontevedra, na co\u00f1ecida como Galicia atl\u00e1ntica, o cachelo \u00e9 a pataca cocida con pel en auga e con sal. Adm\u00edtese a adici\u00f3n dunha folla de loureiro mentres se cocen as patacas.<\/p>\n<p>A variedade da pataca m\u00e1is estendida en Galicia \u00e9 a pataca Kennebec. Tanto en Berganti\u00f1os como na Terra Ch\u00e1 como na nosa subzona: A Limia. Debido \u00e1s condici\u00f3ns climatol\u00f3xicas, as caracter\u00edsticas dos nosos solos e os esmerados labores culturais da nosa xente, o produto obtido ten unha calidade culinaria excepcional. Xa co\u00f1eces a s\u00faa historia, pero para comprar cachelos tam\u00e9n \u00e9 importante co\u00f1ecer as s\u00faas caracter\u00edsticas.<\/p>\n<h2>Cachelos. Caracter\u00edsticas<\/h2>\n<ul>\n<li>Variedade: Kennebec.<\/li>\n<li>Forma dos tub\u00e9rculos: redonda a oval.<\/li>\n<li>Presenza de ollos moi superficiais.<\/li>\n<li>Calibre: 45-80 mm<\/li>\n<li>Pel lisa e fina de cor amarela clara.<\/li>\n<li>Cor da carne: branca<\/li>\n<\/ul>\n<p>Todas estas caracter\u00edsticas est\u00e1n certificadas polo <a href=\"http:\/\/www.patacadegalicia.es\/web\/gl\" target=\"_blank\" rel=\"noopener noreferrer\">Consello Regulador da Indicaci\u00f3n Xeogr\u00e1fica Protexida Pataca de Galicia.<\/a><\/p>\n<h2>Cando comprar cachelos?<\/h2>\n<p>Os Cachelos de Patatas Conde est\u00e1n dispo\u00f1ibles a partir do mes de setembro e ata o mes de marzo.<\/p>\n<h2>Receitas con cachelos<\/h2>\n<p>Os cachelos galegos forman parte de numerosas <a href=\"https:\/\/www.patatasconde.com\/gl\/receitas-con-cachelos-5-imprescindibles-en-calquera-mesa\" target=\"_blank\" rel=\"noopener noreferrer\">receitas da nosa gastronom\u00eda<\/a>. A pataca \u00e9 un dos alimentos m\u00e1is consumidos en Galicia. Por tanto, \u00e9 natural dita presenza no recetario tradicional do noso pa\u00eds.<\/p>\n<p>&nbsp;<\/p>\n<p>&nbsp;<\/p>\n<ul class=\"blogxcat\"><li class=\"listing-item\"><a class=\"image\" href=\"https:\/\/www.patatasconde.com\/gl\/5-receitas-con-patacas-sas-que-debes-conecer\"><img loading=\"lazy\" decoding=\"async\" width=\"500\" height=\"333\" src=\"https:\/\/www.patatasconde.com\/wp-content\/uploads\/5-recetas-con-patatas-sanas-que-debes-conocer.jpg\" class=\"attachment-medium size-medium wp-post-image\" alt=\"5 recetas con patatas sanas que debes conocer\" srcset=\"https:\/\/www.patatasconde.com\/wp-content\/uploads\/5-recetas-con-patatas-sanas-que-debes-conocer.jpg 500w, https:\/\/www.patatasconde.com\/wp-content\/uploads\/5-recetas-con-patatas-sanas-que-debes-conocer.jpg 1024w, https:\/\/www.patatasconde.com\/wp-content\/uploads\/5-recetas-con-patatas-sanas-que-debes-conocer.jpg 768w, https:\/\/www.patatasconde.com\/wp-content\/uploads\/5-recetas-con-patatas-sanas-que-debes-conocer.jpg 700w, https:\/\/www.patatasconde.com\/wp-content\/uploads\/5-recetas-con-patatas-sanas-que-debes-conocer.jpg 800w, https:\/\/www.patatasconde.com\/wp-content\/uploads\/5-recetas-con-patatas-sanas-que-debes-conocer.jpg 1080w\" sizes=\"auto, (max-width: 500px) 100vw, 500px\" \/><\/a> <a class=\"title\" href=\"https:\/\/www.patatasconde.com\/gl\/5-receitas-con-patacas-sas-que-debes-conecer\">5 receitas con patacas sas que debes co\u00f1ecer<\/a> <span class=\"excerpt\">Ao longo de todo este tempo compartimos convosco receitas con patacas sas de todo tipo. Facemos un recompilatorio de cinco. <\/span><\/li><li class=\"listing-item\"><a class=\"image\" href=\"https:\/\/www.patatasconde.com\/gl\/cal-e-a-orixe-da-pataca\"><img loading=\"lazy\" decoding=\"async\" width=\"500\" height=\"333\" src=\"https:\/\/www.patatasconde.com\/wp-content\/uploads\/\u00bfCua\u0301l-es-el-origen-de-la-patata-.jpg\" class=\"attachment-medium size-medium wp-post-image\" alt=\"\u00bfCu\u00e1l es el origen de la patata?\" srcset=\"https:\/\/www.patatasconde.com\/wp-content\/uploads\/\u00bfCua\u0301l-es-el-origen-de-la-patata-.jpg 500w, https:\/\/www.patatasconde.com\/wp-content\/uploads\/\u00bfCua\u0301l-es-el-origen-de-la-patata-.jpg 1024w, https:\/\/www.patatasconde.com\/wp-content\/uploads\/\u00bfCua\u0301l-es-el-origen-de-la-patata-.jpg 768w, https:\/\/www.patatasconde.com\/wp-content\/uploads\/\u00bfCua\u0301l-es-el-origen-de-la-patata-.jpg 700w, https:\/\/www.patatasconde.com\/wp-content\/uploads\/\u00bfCua\u0301l-es-el-origen-de-la-patata-.jpg 800w, https:\/\/www.patatasconde.com\/wp-content\/uploads\/\u00bfCua\u0301l-es-el-origen-de-la-patata-.jpg 1080w\" sizes=\"auto, (max-width: 500px) 100vw, 500px\" \/><\/a> <a class=\"title\" href=\"https:\/\/www.patatasconde.com\/gl\/cal-e-a-orixe-da-pataca\">Cal \u00e9 a orixe da pataca?<\/a> <span class=\"excerpt\">\u00c9 un produto habitual da nosa dieta pero, co\u00f1ecemos realmente a orixe da pataca? Neste post resolveremos esta e outras preguntas. <\/span><\/li><li class=\"listing-item\"><a class=\"image\" href=\"https:\/\/www.patatasconde.com\/gl\/como-preparar-patacas-ao-forno-con-cebola\"><img loading=\"lazy\" decoding=\"async\" width=\"500\" height=\"333\" src=\"https:\/\/www.patatasconde.com\/wp-content\/uploads\/Co\u0301mo-preparar-patatas-al-horno-con-cebolla.jpg\" class=\"attachment-medium size-medium wp-post-image\" alt=\"C\u00f3mo preparar patatas al horno con cebolla\" srcset=\"https:\/\/www.patatasconde.com\/wp-content\/uploads\/Co\u0301mo-preparar-patatas-al-horno-con-cebolla.jpg 500w, https:\/\/www.patatasconde.com\/wp-content\/uploads\/Co\u0301mo-preparar-patatas-al-horno-con-cebolla.jpg 1024w, https:\/\/www.patatasconde.com\/wp-content\/uploads\/Co\u0301mo-preparar-patatas-al-horno-con-cebolla.jpg 768w, https:\/\/www.patatasconde.com\/wp-content\/uploads\/Co\u0301mo-preparar-patatas-al-horno-con-cebolla.jpg 700w, https:\/\/www.patatasconde.com\/wp-content\/uploads\/Co\u0301mo-preparar-patatas-al-horno-con-cebolla.jpg 800w, https:\/\/www.patatasconde.com\/wp-content\/uploads\/Co\u0301mo-preparar-patatas-al-horno-con-cebolla.jpg 1080w\" sizes=\"auto, (max-width: 500px) 100vw, 500px\" \/><\/a> <a class=\"title\" href=\"https:\/\/www.patatasconde.com\/gl\/como-preparar-patacas-ao-forno-con-cebola\">Como preparar patacas ao forno con cebola<\/a> <span class=\"excerpt\">O forno sempre \u00e9 un aliado para facer sas e ricas receitas. Imos ver como preparar patacas ao forno con cebola de maneira r\u00e1pida e sinxela.<\/span><\/li><li class=\"listing-item\"><a class=\"image\" href=\"https:\/\/www.patatasconde.com\/gl\/5-receitas-de-salsas-para-patacas\"><img loading=\"lazy\" decoding=\"async\" width=\"500\" height=\"333\" src=\"https:\/\/www.patatasconde.com\/wp-content\/uploads\/5-recetas-de-salsas-para-patatas-imprescindibles.jpg\" class=\"attachment-medium size-medium wp-post-image\" alt=\"5 recetas de salsas para patatas imprescindibles\" srcset=\"https:\/\/www.patatasconde.com\/wp-content\/uploads\/5-recetas-de-salsas-para-patatas-imprescindibles.jpg 500w, https:\/\/www.patatasconde.com\/wp-content\/uploads\/5-recetas-de-salsas-para-patatas-imprescindibles.jpg 1024w, https:\/\/www.patatasconde.com\/wp-content\/uploads\/5-recetas-de-salsas-para-patatas-imprescindibles.jpg 768w, https:\/\/www.patatasconde.com\/wp-content\/uploads\/5-recetas-de-salsas-para-patatas-imprescindibles.jpg 700w, https:\/\/www.patatasconde.com\/wp-content\/uploads\/5-recetas-de-salsas-para-patatas-imprescindibles.jpg 800w, https:\/\/www.patatasconde.com\/wp-content\/uploads\/5-recetas-de-salsas-para-patatas-imprescindibles.jpg 1080w\" sizes=\"auto, (max-width: 500px) 100vw, 500px\" \/><\/a> <a class=\"title\" href=\"https:\/\/www.patatasconde.com\/gl\/5-receitas-de-salsas-para-patacas\">5 receitas de salsas para patacas imprescindibles<\/a> <span class=\"excerpt\">Unhas boas patacas g\u00f3zanse moito mellor cunha boa salsa. Propo\u00f1\u00e9mosche 5 receitas de salsas para patacas coas que vas a chupar os dedos. <\/span><\/li><li class=\"listing-item\"><a class=\"image\" href=\"https:\/\/www.patatasconde.com\/gl\/como-preparar-patacas-recheas\"><img loading=\"lazy\" decoding=\"async\" width=\"500\" height=\"333\" src=\"https:\/\/www.patatasconde.com\/wp-content\/uploads\/Co\u0301mo-preparar-patatas-rellenas.jpg\" class=\"attachment-medium size-medium wp-post-image\" alt=\"C\u00f3mo preparar patatas rellenas\" srcset=\"https:\/\/www.patatasconde.com\/wp-content\/uploads\/Co\u0301mo-preparar-patatas-rellenas.jpg 500w, https:\/\/www.patatasconde.com\/wp-content\/uploads\/Co\u0301mo-preparar-patatas-rellenas.jpg 1024w, https:\/\/www.patatasconde.com\/wp-content\/uploads\/Co\u0301mo-preparar-patatas-rellenas.jpg 768w, https:\/\/www.patatasconde.com\/wp-content\/uploads\/Co\u0301mo-preparar-patatas-rellenas.jpg 700w, https:\/\/www.patatasconde.com\/wp-content\/uploads\/Co\u0301mo-preparar-patatas-rellenas.jpg 800w, https:\/\/www.patatasconde.com\/wp-content\/uploads\/Co\u0301mo-preparar-patatas-rellenas.jpg 1080w\" sizes=\"auto, (max-width: 500px) 100vw, 500px\" \/><\/a> <a class=\"title\" href=\"https:\/\/www.patatasconde.com\/gl\/como-preparar-patacas-recheas\">Como preparar patacas recheas<\/a> <span class=\"excerpt\">Descubre como preparar patacas recheas con diferentes ingredientes:  at\u00fan, xam\u00f3n,  espinacas. Con esta receita ser\u00e1s un mago do forno. <\/span><\/li><li class=\"listing-item\"><a class=\"image\" href=\"https:\/\/www.patatasconde.com\/gl\/como-preparar-ovos-rotos-con-patacas\"><img loading=\"lazy\" decoding=\"async\" width=\"500\" height=\"333\" src=\"https:\/\/www.patatasconde.com\/wp-content\/uploads\/Co\u0301mo-preparar-huevos-rotos-con-patatas.jpg\" class=\"attachment-medium size-medium wp-post-image\" alt=\"C\u00f3mo preparar huevos rotos con patatas\" srcset=\"https:\/\/www.patatasconde.com\/wp-content\/uploads\/Co\u0301mo-preparar-huevos-rotos-con-patatas.jpg 500w, https:\/\/www.patatasconde.com\/wp-content\/uploads\/Co\u0301mo-preparar-huevos-rotos-con-patatas.jpg 1024w, https:\/\/www.patatasconde.com\/wp-content\/uploads\/Co\u0301mo-preparar-huevos-rotos-con-patatas.jpg 768w, https:\/\/www.patatasconde.com\/wp-content\/uploads\/Co\u0301mo-preparar-huevos-rotos-con-patatas.jpg 700w, https:\/\/www.patatasconde.com\/wp-content\/uploads\/Co\u0301mo-preparar-huevos-rotos-con-patatas.jpg 800w, https:\/\/www.patatasconde.com\/wp-content\/uploads\/Co\u0301mo-preparar-huevos-rotos-con-patatas.jpg 1080w\" sizes=\"auto, (max-width: 500px) 100vw, 500px\" \/><\/a> <a class=\"title\" href=\"https:\/\/www.patatasconde.com\/gl\/como-preparar-ovos-rotos-con-patacas\">Como preparar ovos rotos con patacas<\/a> <span class=\"excerpt\">Compartimos contigo varias receitas para saber como preparar ovos rotos con patacas e quedar como un aut\u00e9ntico chef de fin de semana. <\/span><\/li><li class=\"listing-item\"><a class=\"image\" href=\"https:\/\/www.patatasconde.com\/gl\/como-facer-unhas-patacas-alioli-perfectas\"><img loading=\"lazy\" decoding=\"async\" width=\"500\" height=\"333\" src=\"https:\/\/www.patatasconde.com\/wp-content\/uploads\/Co\u0301mo-hacer-unas-patatas-alioli-perfectas.jpg\" class=\"attachment-medium size-medium wp-post-image\" alt=\"C\u00f3mo hacer unas patatas alioli perfectas\" srcset=\"https:\/\/www.patatasconde.com\/wp-content\/uploads\/Co\u0301mo-hacer-unas-patatas-alioli-perfectas.jpg 500w, https:\/\/www.patatasconde.com\/wp-content\/uploads\/Co\u0301mo-hacer-unas-patatas-alioli-perfectas.jpg 1024w, https:\/\/www.patatasconde.com\/wp-content\/uploads\/Co\u0301mo-hacer-unas-patatas-alioli-perfectas.jpg 768w, https:\/\/www.patatasconde.com\/wp-content\/uploads\/Co\u0301mo-hacer-unas-patatas-alioli-perfectas.jpg 700w, https:\/\/www.patatasconde.com\/wp-content\/uploads\/Co\u0301mo-hacer-unas-patatas-alioli-perfectas.jpg 800w, https:\/\/www.patatasconde.com\/wp-content\/uploads\/Co\u0301mo-hacer-unas-patatas-alioli-perfectas.jpg 1080w\" sizes=\"auto, (max-width: 500px) 100vw, 500px\" \/><\/a> <a class=\"title\" href=\"https:\/\/www.patatasconde.com\/gl\/como-facer-unhas-patacas-alioli-perfectas\">Como facer unhas patacas alioli perfectas<\/a> <span class=\"excerpt\">Neste artigo imos ver a receita tradicional de patacas alioli e engadiremos un bonus cunha versi\u00f3n m\u00e1is moderna.<\/span><\/li><li class=\"listing-item\"><a class=\"image\" href=\"https:\/\/www.patatasconde.com\/gl\/receita-de-kebab-con-patacas\"><img loading=\"lazy\" decoding=\"async\" width=\"500\" height=\"333\" src=\"https:\/\/www.patatasconde.com\/wp-content\/uploads\/Receta-de-kebab-con-patatas.jpg\" class=\"attachment-medium size-medium wp-post-image\" alt=\"Receta de kebab con patatas\" srcset=\"https:\/\/www.patatasconde.com\/wp-content\/uploads\/Receta-de-kebab-con-patatas.jpg 500w, https:\/\/www.patatasconde.com\/wp-content\/uploads\/Receta-de-kebab-con-patatas.jpg 1024w, https:\/\/www.patatasconde.com\/wp-content\/uploads\/Receta-de-kebab-con-patatas.jpg 768w, https:\/\/www.patatasconde.com\/wp-content\/uploads\/Receta-de-kebab-con-patatas.jpg 700w, https:\/\/www.patatasconde.com\/wp-content\/uploads\/Receta-de-kebab-con-patatas.jpg 800w, https:\/\/www.patatasconde.com\/wp-content\/uploads\/Receta-de-kebab-con-patatas.jpg 1080w\" sizes=\"auto, (max-width: 500px) 100vw, 500px\" \/><\/a> <a class=\"title\" href=\"https:\/\/www.patatasconde.com\/gl\/receita-de-kebab-con-patacas\">Receita de  kebab con patacas<\/a> <span class=\"excerpt\">Imos preparar unha receita caseira de kebab con patacas para darte o gusto a pr\u00f3xima fin de semana pero antes indagaremos brevemente nas orixes deste prato.<\/span><\/li><li class=\"listing-item\"><a class=\"image\" href=\"https:\/\/www.patatasconde.com\/gl\/como-facer-patacas-fritas-de-bolsa\"><img loading=\"lazy\" decoding=\"async\" width=\"500\" height=\"333\" src=\"https:\/\/www.patatasconde.com\/wp-content\/uploads\/Co\u0301mo-hacer-patatas-fritas-de-bolsa.jpg\" class=\"attachment-medium size-medium wp-post-image\" alt=\"C\u00f3mo hacer patatas fritas de bolsa\" srcset=\"https:\/\/www.patatasconde.com\/wp-content\/uploads\/Co\u0301mo-hacer-patatas-fritas-de-bolsa.jpg 500w, https:\/\/www.patatasconde.com\/wp-content\/uploads\/Co\u0301mo-hacer-patatas-fritas-de-bolsa.jpg 1024w, https:\/\/www.patatasconde.com\/wp-content\/uploads\/Co\u0301mo-hacer-patatas-fritas-de-bolsa.jpg 768w, https:\/\/www.patatasconde.com\/wp-content\/uploads\/Co\u0301mo-hacer-patatas-fritas-de-bolsa.jpg 700w, https:\/\/www.patatasconde.com\/wp-content\/uploads\/Co\u0301mo-hacer-patatas-fritas-de-bolsa.jpg 800w, https:\/\/www.patatasconde.com\/wp-content\/uploads\/Co\u0301mo-hacer-patatas-fritas-de-bolsa.jpg 1080w\" sizes=\"auto, (max-width: 500px) 100vw, 500px\" \/><\/a> <a class=\"title\" href=\"https:\/\/www.patatasconde.com\/gl\/como-facer-patacas-fritas-de-bolsa\">Como facer patacas fritas de bolsa<\/a> <span class=\"excerpt\">Cales son as mellores patacas fritas de bolsa? Que tipo de patacas para fritir? Quen inventou as patacas fritas de bolsa? Cantas calor\u00edas ten unha bolsa de patacas fritas? Cal \u00e9 a mellor pataca de Espa\u00f1a?<\/span><\/li><li class=\"listing-item\"><a class=\"image\" href=\"https:\/\/www.patatasconde.com\/gl\/como-conservar-as-patacas-na-casa\"><img loading=\"lazy\" decoding=\"async\" width=\"500\" height=\"333\" src=\"https:\/\/www.patatasconde.com\/wp-content\/uploads\/Co\u0301mo-conservar-las-patatas-en-casa.jpg\" class=\"attachment-medium size-medium wp-post-image\" alt=\"C\u00f3mo conservar las patatas en casa\" srcset=\"https:\/\/www.patatasconde.com\/wp-content\/uploads\/Co\u0301mo-conservar-las-patatas-en-casa.jpg 500w, https:\/\/www.patatasconde.com\/wp-content\/uploads\/Co\u0301mo-conservar-las-patatas-en-casa.jpg 1024w, https:\/\/www.patatasconde.com\/wp-content\/uploads\/Co\u0301mo-conservar-las-patatas-en-casa.jpg 768w, https:\/\/www.patatasconde.com\/wp-content\/uploads\/Co\u0301mo-conservar-las-patatas-en-casa.jpg 700w, https:\/\/www.patatasconde.com\/wp-content\/uploads\/Co\u0301mo-conservar-las-patatas-en-casa.jpg 800w, https:\/\/www.patatasconde.com\/wp-content\/uploads\/Co\u0301mo-conservar-las-patatas-en-casa.jpg 1080w\" sizes=\"auto, (max-width: 500px) 100vw, 500px\" \/><\/a> <a class=\"title\" href=\"https:\/\/www.patatasconde.com\/gl\/como-conservar-as-patacas-na-casa\">Como conservar as patacas na casa<\/a> <span class=\"excerpt\">Sabes como conservar as patacas na casa? Segue as nosas recomendaci\u00f3ns nun novo artigo do noso blogue. <\/span><\/li><\/ul>\n","protected":false},"excerpt":{"rendered":"<p>A definici\u00f3n da palabra cachelo \u00e9 similar en toda a xeograf\u00eda de Galicia. No entanto, existen variaci\u00f3ns no que a xente entende por cachelo dependendo da zona na que nos atopemos. Desc\u00fabreas.<\/p>\n","protected":false},"featured_media":17048,"template":"","meta":[],"product_brand":[],"product_cat":[328,336,331,324,325],"product_tag":[],"class_list":{"0":"post-17065","1":"product","2":"type-product","3":"status-publish","4":"has-post-thumbnail","6":"product_cat-gama","7":"product_cat-cachelo","8":"product_cat-fritir","9":"product_cat-peso","10":"product_cat-3kg","12":"first","13":"instock","14":"sold-individually","15":"taxable","16":"shipping-taxable","17":"purchasable","18":"product-type-variable"},"amp_enabled":true,"_links":{"self":[{"href":"https:\/\/www.patatasconde.com\/gl\/wp-json\/wp\/v2\/product\/17065","targetHints":{"allow":["GET"]}}],"collection":[{"href":"https:\/\/www.patatasconde.com\/gl\/wp-json\/wp\/v2\/product"}],"about":[{"href":"https:\/\/www.patatasconde.com\/gl\/wp-json\/wp\/v2\/types\/product"}],"wp:featuredmedia":[{"embeddable":true,"href":"https:\/\/www.patatasconde.com\/gl\/wp-json\/wp\/v2\/media\/17048"}],"wp:attachment":[{"href":"https:\/\/www.patatasconde.com\/gl\/wp-json\/wp\/v2\/media?parent=17065"}],"wp:term":[{"taxonomy":"product_brand","embeddable":true,"href":"https:\/\/www.patatasconde.com\/gl\/wp-json\/wp\/v2\/product_brand?post=17065"},{"taxonomy":"product_cat","embeddable":true,"href":"https:\/\/www.patatasconde.com\/gl\/wp-json\/wp\/v2\/product_cat?post=17065"},{"taxonomy":"product_tag","embeddable":true,"href":"https:\/\/www.patatasconde.com\/gl\/wp-json\/wp\/v2\/product_tag?post=17065"}],"curies":[{"name":"wp","href":"https:\/\/api.w.org\/{rel}","templated":true}]}}