{"id":219302,"date":"2023-10-09T18:09:47","date_gmt":"2023-10-09T16:09:47","guid":{"rendered":"https:\/\/www.patatasconde.com\/aviso-legal"},"modified":"2023-10-09T18:09:47","modified_gmt":"2023-10-09T16:09:47","slug":"aviso-legal","status":"publish","type":"page","link":"https:\/\/www.patatasconde.com\/gl\/aviso-legal","title":{"rendered":"Aviso legal"},"content":{"rendered":"<h1 lang=\"es-ES\">Aviso legal<\/h1>\n<p lang=\"es-ES\">El presente Aviso Legal regula el uso del sitio Web\u00a0<u><a href=\"https:\/\/www.patatasconde.com\/\">www.patatasconde.com<\/a><\/u>\u00a0(en adelante, el &#8220;Sitio Web&#8221;) que la empresa Patatas Conde, S.L., pone a la disposici\u00f3n de cualquier usuario del mismo (en adelante, el &#8220;Usuario&#8221;). A trav\u00e9s del Sitio Web, los Usuarios pueden acceder a la informaci\u00f3n de los servicios ofrecidos por Patatas Conde, S.L., as\u00ed como los eventos y novedades de la corporaci\u00f3n (en adelante, los &#8220;Contenidos&#8221;).<\/p>\n<p lang=\"es-ES\"><strong>I. Usuarios y Datos Informativos<\/strong><\/p>\n<p lang=\"es-ES\">En cumplimiento del deber de informaci\u00f3n estipulado en el art\u00edculo 10 de la Ley 34\/2002 de 11 de julio de Servicios de la Sociedad de la Informaci\u00f3n y de Comercio Electr\u00f3nico, le comunicamos los datos identificativos, del titular del sitio web, exigidos por la referida norma:<\/p>\n<p lang=\"es-ES\"><strong>Denominaci\u00f3n Social:<\/strong>\u00a0Patatas Conde, S.L.<br \/>\n<strong>N.I.F.:<\/strong>\u00a0B32034423.<br \/>\n<strong>Direcci\u00f3n:<\/strong>\u00a0Ctra. Nac. 525, Km. 200<br \/>\n<strong>C.P. y Localidad:<\/strong>\u00a032630 Xinzo de Limia<br \/>\n<strong>Provincia:<\/strong>\u00a0Ourense<br \/>\n<strong>Tel\u00e9fono:<\/strong>\u00a0988 462 477\u00a0<strong>Correo electr\u00f3nico:<\/strong>\u00a0<u><a href=\"mailto:calidad@patatasconde.com\">calidad@patatasconde.com<\/a><\/u>\u00a0<strong><br \/>\nDominio:<\/strong>\u00a0patatasconde.com<br \/>\n<strong>Registro Mercantil<\/strong>: Ourense tomo:120,libro:42,secci\u00f3n 2\u00aa,folio:13,hoja:1375, inscripci\u00f3n 1\u00aa<\/p>\n<p lang=\"es-ES\">El acceso a y\/o uso del Sitio Web atribuye a quien lo realiza la condici\u00f3n de Usuario, aceptando, desde ese mismo momento, plenamente y sin reserva alguna, las presentes condiciones generales. La presente informaci\u00f3n conforma y regula las condiciones de uso, las limitaciones de responsabilidad y las obligaciones que, los usuarios de la p\u00e1gina Web que se publica bajo el nombre\u00a0<a href=\"https:\/\/www.patatasconde.com\/\"><u>www.patatasconde.<\/u><u>com<\/u><\/a>, y de los distintos portales de internet de su propiedad (En adelante, los \u201cUsuarios\u201d y el \u201cPortal\u201d, asumen y se comprometen a respetar)<\/p>\n<p lang=\"es-ES\"><strong>II. Uso del Sitio Web, sus servicios y Contenidos<\/strong><\/p>\n<p lang=\"es-ES\">El Usuario se compromete a utilizar el Sitio Web y los Contenidos de conformidad con la ley y las presentes Condiciones Generales (y las posteriores modificaciones a las mismas) as\u00ed como con las buenas costumbres de Internet generalmente aceptadas y el orden p\u00fablico. Si el Usuario no estuviera conforme con las cl\u00e1usulas y condiciones de uso de este Aviso Legal, se abstendr\u00e1 de utilizar la P\u00e1gina. Patatas Conde, S.L., podr\u00e1 establecer limitaciones y\/o condiciones adicionales para el uso y\/o acceso al Sitio Web y\/o a los Contenidos, las cuales deber\u00e1n ser observadas por los Usuarios en todo caso.<\/p>\n<p lang=\"es-ES\">Asimismo, el Usuario se compromete a abstenerse de:<\/p>\n<ul>\n<li>\n<p lang=\"es-ES\">Utilizar los Contenidos con fines il\u00edcitos, prohibidos, lesivos de los derechos e intereses de terceros, o que de cualquier forma puedan da\u00f1ar, inutilizar, sobrecargar, deteriorar o impedir la normal utilizaci\u00f3n del Sitio Web, los equipos inform\u00e1ticos o los documentos, archivos y toda clase de contenidos almacenados en cualquier equipo inform\u00e1tico propiedad de Patatas Conde, S.L., o de terceros.<\/p>\n<\/li>\n<li>\n<p lang=\"es-ES\">Reproducir, copiar, distribuir, poner a disposici\u00f3n o de cualquier otra forma comunicar (incluyendo a trav\u00e9s de correo electr\u00f3nico), transformar o modificar los Contenidos, a menos que se cuente con la autorizaci\u00f3n expresa del titular de los correspondientes derechos o ello resulte legalmente permitido.<\/p>\n<\/li>\n<li>\n<p lang=\"es-ES\">Obtener o intentar sustraer los Contenidos.<\/p>\n<\/li>\n<li>\n<p lang=\"es-ES\">Vulnerar los derechos de Patatas Conde, S.L., o de los leg\u00edtimos titulares de los contenidos.<\/p>\n<\/li>\n<li>\n<p lang=\"es-ES\">Utilizar los Contenidos para fines comerciales o publicitarios, distintos de los expresamente permitidos.<\/p>\n<\/li>\n<\/ul>\n<p lang=\"es-ES\"><strong>III. Propiedad intelectual e industrial<\/strong><\/p>\n<p lang=\"es-ES\">Toda la informaci\u00f3n contenida en el Sitio Web, incluyendo cualquier tipo de contenidos, textos, im\u00e1genes, dise\u00f1os gr\u00e1ficos o c\u00f3digos en lenguaje HTML, JAVA, JavaScript o ActiveX, entre otros, es propiedad intelectual cuya titularidad corresponde a Patatas Conde, S.L., y\/o a terceros. Dicha propiedad intelectual e industrial se encuentra protegida por la legislaci\u00f3n nacional e internacional sobre propiedad intelectual e industrial. El Usuario deber\u00e1 respetar en todo momento todos los derechos de propiedad intelectual e industrial sobre el Sitio Web, titularidad de Patatas Conde, S.L., o de terceros.<\/p>\n<p lang=\"es-ES\">Mediante estas Condiciones Generales no se cede ning\u00fan derecho de propiedad intelectual o industrial sobre el Sitio Web ni sobre los Contenidos, marcas, nombres comerciales y\/o signos distintivos que aparecen en el Sitio Web, quedando expresamente prohibidos al Usuario la reproducci\u00f3n, transformaci\u00f3n, distribuci\u00f3n, comunicaci\u00f3n p\u00fablica, puesta a disposici\u00f3n, extracci\u00f3n, reutilizaci\u00f3n, reenv\u00edo o la utilizaci\u00f3n de cualquier naturaleza, por cualquier medio o procedimiento, de cualquiera de ellos, salvo en los casos en que est\u00e9 legalmente permitido o sea autorizado por el titular de los correspondientes derechos.<\/p>\n<p lang=\"es-ES\">El uso no autorizado de los art\u00edculos e informaci\u00f3n contenida en el Sitio Web puede suponer la violaci\u00f3n de la legislaci\u00f3n sobre propiedad intelectual o industrial y de otras leyes aplicables. Cualquier infracci\u00f3n de estos derechos puede dar lugar a aquellos procedimientos extrajudiciales o judiciales civiles o penales que correspondan.<\/p>\n<p lang=\"es-ES\">A los efectos de preservar los posibles derechos de propiedad intelectual e industrial, en el caso de que cualquier Usuario o un tercero consideren que se ha producido una violaci\u00f3n de dichos derechos, deber\u00e1 notificar dicha circunstancia, por escrito, a Patatas Conde, S.L., utilizando los datos de contacto contenidos en las presentes Condiciones Generales.<\/p>\n<p lang=\"es-ES\"><strong>IV. Modificaciones<\/strong><\/p>\n<p lang=\"es-ES\">Patatas Conde, S.L., puede ocasionalmente actualizar y\/o modificar las presentes Condiciones Generales a su sola discreci\u00f3n, a los efectos de cumplir con la legislaci\u00f3n en vigor o la que se promulgue en el futuro.<\/p>\n<p lang=\"es-ES\">El Usuario acepta que las modificaciones o cambios que se realicen tendr\u00e1n car\u00e1cter obligatorio y entrar\u00e1n en vigor a partir de los 7 d\u00edas naturales siguientes a la fecha de publicaci\u00f3n de las Condiciones Generales modificadas. El Usuario acepta que el uso continuado que haga del Sitio Web con posterioridad a la fecha de entrada en vigor de las Condiciones Generales indicar\u00e1 su conformidad con dichas modificaciones.<\/p>\n<p lang=\"es-ES\">Patatas Conde, S.L., se reserva el derecho de modificar en cualquier momento la presentaci\u00f3n, configuraci\u00f3n y localizaci\u00f3n del Sitio Web, as\u00ed como los Contenidos y las condiciones requeridas para utilizar los mismos. Usted se compromete a revisar siempre la versi\u00f3n m\u00e1s reciente de las Condiciones Generales disponible en el Sitio Web:\u00a0<a href=\"https:\/\/www.patatasconde.com\/\"><u>www.patatascond<\/u><u>e.com<\/u><\/a><\/p>\n<p lang=\"es-ES\"><strong>V. Exclusi\u00f3n de Garant\u00edas y responsabilidad<\/strong><\/p>\n<p lang=\"es-ES\">Patatas Conde, S.L., no otorga ninguna garant\u00eda ni se hace responsable, en ning\u00fan caso, de los da\u00f1os y perjuicios de cualquier naturaleza que pudieran derivarse del acceso o uso de los Contenidos o del Sitio Web. Entre otras, y sin que se limite a estas, Patatas Conde, S.L., no se responsabiliza de las siguientes circunstancias:<\/p>\n<ul>\n<li>\n<p lang=\"es-ES\">La falta de disponibilidad, mantenimiento y efectivo funcionamiento del Sitio Web y\/o los Contenidos, excluy\u00e9ndose, en la m\u00e1xima medida permitida por la legislaci\u00f3n vigente, cualquier responsabilidad por los da\u00f1os y perjuicios de toda naturaleza que puedan deberse a la falta de disponibilidad o de continuidad del funcionamiento del Sitio Web y de los Contenidos habilitados en el mismo.<\/p>\n<\/li>\n<li>\n<p lang=\"es-ES\">Falta de utilidad del Sitio Web o los Contenidos para cualquier actividad.<\/p>\n<\/li>\n<li>\n<p lang=\"es-ES\">Del contenido, los productos y los servicios de otras p\u00e1ginas de Internet a las que puedan dirigirse directa o indirectamente los links o enlaces colocados en el Sitio Web.<\/p>\n<\/li>\n<li>\n<p lang=\"es-ES\">La existencia de virus, programas maliciosos o lesivos en los Contenidos.<\/p>\n<\/li>\n<li>\n<p lang=\"es-ES\">La recepci\u00f3n, obtenci\u00f3n, almacenamiento, difusi\u00f3n o transmisi\u00f3n, por parte de los Usuarios, de los Contenidos.<\/p>\n<\/li>\n<li>\n<p lang=\"es-ES\">El uso il\u00edcito, negligente, fraudulento, contrario a las Condiciones Generales del presente Aviso Legal, a la buena fe, a los usos generalmente aceptados o al orden p\u00fablico, del Sitio Web o sus Contenidos, por parte de los usuarios.<\/p>\n<\/li>\n<\/ul>\n<p lang=\"es-ES\">Patatas Conde, S.L., no asumir\u00e1 responsabilidad alguna por los da\u00f1os indirectos, relacionados con o derivados de las presentes Condiciones Generales (incluyendo a tal efecto lucro cesante, p\u00e9rdidas de uso, datos u otras ventajas econ\u00f3micas) con independencia de la causa.<\/p>\n<p lang=\"es-ES\"><strong>VI. Protecci\u00f3n de datos<\/strong><\/p>\n<p lang=\"es-ES\">La visita a este Sitio Web no supone que el usuario est\u00e9 obligado a facilitar ninguna informaci\u00f3n sobre s\u00ed mismo. Patatas Conde, S.L., le informa que tratar\u00e1 los datos de car\u00e1cter personal en los t\u00e9rminos de la Pol\u00edtica de Protecci\u00f3n de Datos de Car\u00e1cter Personal del Sitio Web que se redacta m\u00e1s adelante.<\/p>\n<p lang=\"es-ES\"><strong>VII. Introducci\u00f3n de Links<\/strong><\/p>\n<p lang=\"es-ES\">Aquellos Usuarios que deseen establecer un hiperv\u00ednculo, enlace o link entre su sitio Web y el Sitio Web deber\u00e1n obtener la autorizaci\u00f3n previa de Patatas Conde, S.L., presentando una solicitud a la siguiente direcci\u00f3n de correo electr\u00f3nico:\u00a0<u><a href=\"mailto:calidad@patatasconde.com\">calidad@patatasconde.com<\/a><\/u>\u00a0quedando sujeto al cumplimiento de las siguientes obligaciones:<\/p>\n<ul>\n<li>\n<p lang=\"es-ES\">El Link \u00fanicamente permitir\u00e1 el acceso al Sitio Web, pero no podr\u00e1 reproducirlo de ninguna forma. No se permite la copia, uso, distribuci\u00f3n, comercializaci\u00f3n o reproducci\u00f3n ni total ni parcial de ninguno de los Contenidos del Sitio Web de Patatas Conde, S.L.<\/p>\n<\/li>\n<li>\n<p lang=\"es-ES\">S\u00f3lo se permiten hiperenlaces a la p\u00e1gina principal del Sitio Web y no se establecer\u00e1n deep-links con las p\u00e1ginas Web del Sitio Web ni de sus servicios ni se crear\u00e1 un browser o un borderenvironment sobre las mismas.<\/p>\n<\/li>\n<li>\n<p lang=\"es-ES\">La p\u00e1gina Web en la que se establezca el hiperenlace al Sitio Web no contendr\u00e1 ninguna marca, nombre comercial, r\u00f3tulo de establecimiento, denominaci\u00f3n, logotipo, eslogan u otros signos distintivos pertenecientes a Patatas Conde, S.L., excepto aquellos signos que forman parte del mismo hiperenlace.<\/p>\n<\/li>\n<li>\n<p lang=\"es-ES\">Bajo ninguna circunstancia Patatas Conde, S.L., ser\u00e1 responsable de los contenidos o servicios puestos a disposici\u00f3n del p\u00fablico en el Web desde el que se realice el hiperenlace ni de las informaciones y manifestaciones incluidas en las mismas.<\/p>\n<\/li>\n<li>\n<p lang=\"es-ES\">No se realizar\u00e1n manifestaciones o indicaciones falsas, inexactas o incorrectas sobre Patatas Conde, S.L., sus accionistas, consejeros, clientes, proveedores, asociados y empleados, el Sitio Web o los Contenidos.<\/p>\n<\/li>\n<li>\n<p lang=\"es-ES\">No se declarar\u00e1 ni se dar\u00e1 a entender que Patatas Conde, S.L., ha autorizado el hiperenlace o que ha supervisado o asumido de cualquier forma los servicios ofrecidos o puestos a disposici\u00f3n de la p\u00e1gina Web en la que se establece el hiperenlace.<\/p>\n<\/li>\n<li>\n<p lang=\"es-ES\">El establecimiento del hiperenlace no implica en ning\u00fan caso la existencia de relaciones comerciales entre Patatas Conde, S.L., y el propietario de la p\u00e1gina Web en la que se establezca, ni la aceptaci\u00f3n y aprobaci\u00f3n por parte de Patatas Conde, S.L., de sus contenidos o servicios.<\/p>\n<\/li>\n<li>\n<p lang=\"es-ES\">La p\u00e1gina Web en la que se establezca el hiperenlace no contendr\u00e1 informaciones o contenidos il\u00edcitos, contrarios a la moral y a las buenas costumbres generalmente aceptadas en Internet y al orden p\u00fablico, as\u00ed como tampoco contendr\u00e1 contenidos contrarios a cualesquiera derechos de terceros.<\/p>\n<\/li>\n<\/ul>\n<p lang=\"es-ES\"><strong>VIII. Duraci\u00f3n<\/strong><\/p>\n<p lang=\"es-ES\">La duraci\u00f3n de la prestaci\u00f3n del servicio del Sitio Web y de los Contenidos es de car\u00e1cter indefinido. Sin perjuicio de lo anterior, Patatas Conde, S.L., se reserva el derecho de interrumpir, suspender o terminar la prestaci\u00f3n del servicio del Sitio Web o de cualquiera de los Contenidos que lo integran.<\/p>\n<p lang=\"es-ES\"><strong>IX. Nulidad parcial<\/strong><\/p>\n<p lang=\"es-ES\">La declaraci\u00f3n de cualquiera de las cl\u00e1usulas de estas Condiciones Generales como nula, inv\u00e1lida o ineficaz no afectar\u00e1 a la validez o eficacia de las restantes, que seguir\u00e1n siendo vinculantes entre las partes. La renuncia por cualquiera de las partes a exigir en un momento determinado el cumplimiento de una cualquiera de las Condiciones Generales aqu\u00ed estipuladas no implicar\u00e1 una renuncia con car\u00e1cter general al cumplimiento de otra condici\u00f3n o condiciones, ni crear\u00e1 un derecho adquirido para la otra parte.<\/p>\n<p lang=\"es-ES\"><strong>X. Acciones en caso de incumplimiento<\/strong><\/p>\n<p lang=\"es-ES\">Patatas Conde, S.L., se reserva el derecho a ejercer cuantas acciones est\u00e9n disponibles en derecho para exigir las responsabilidades que se deriven del incumplimiento de cualquiera de las disposiciones de estas Condiciones Generales de Uso del Sitio Web por parte de un Usuario.<\/p>\n<p lang=\"es-ES\"><strong>XI. Legislaci\u00f3n Aplicable y jurisdicci\u00f3n<\/strong><\/p>\n<p lang=\"es-ES\">Las presentes Condiciones Generales y las Particulares que eventualmente se puedan establecer se rigen por la legislaci\u00f3n espa\u00f1ola. En caso de disputa o controversia relacionada con la aplicaci\u00f3n o interpretaci\u00f3n de las mismas, las partes se someter\u00e1n a los Juzgados y Tribunales que resulten territorialmente competentes de conformidad con la legislaci\u00f3n vigente. En todo caso, en cumplimiento de nuestro deber de informaci\u00f3n, le indicamos que, en relaci\u00f3n con la Resoluci\u00f3n de litigios en l\u00ednea en materia de consumo, conforme a lo previsto en el Art. 14.1 del Reglamento (UE) 524\/2013, la Comisi\u00f3n Europea pone a su disposici\u00f3n una plataforma de resoluci\u00f3n de litigios en l\u00ednea que se encuentra disponible en el siguiente enlace:\u00a0<u><a href=\"https:\/\/webgate.ec.europa.eu\/odr\/main\/index.cfm?event=main.home.chooseLanguage\" target=\"_blank\" rel=\"noopener\">https:\/\/webgate.ec.europa.eu\/odr\/main\/index.cfm?event=main.home.chooseLanguage<\/a><\/u>.<\/p>\n","protected":false},"excerpt":{"rendered":"<p>Aviso legal El presente Aviso Legal regula el uso del sitio Web\u00a0www.patatasconde.com\u00a0(en adelante, el &#8220;Sitio Web&#8221;) que la empresa Patatas Conde, S.L., pone a la disposici\u00f3n de cualquier usuario del mismo (en adelante, el &#8220;Usuario&#8221;). A trav\u00e9s del Sitio Web, los Usuarios pueden acceder a&#8230;<\/p>\n","protected":false},"author":1,"featured_media":0,"parent":0,"menu_order":0,"comment_status":"closed","ping_status":"closed","template":"","meta":{"footnotes":""},"class_list":["post-219302","page","type-page","status-publish","hentry"],"amp_enabled":true,"_links":{"self":[{"href":"https:\/\/www.patatasconde.com\/gl\/wp-json\/wp\/v2\/pages\/219302","targetHints":{"allow":["GET"]}}],"collection":[{"href":"https:\/\/www.patatasconde.com\/gl\/wp-json\/wp\/v2\/pages"}],"about":[{"href":"https:\/\/www.patatasconde.com\/gl\/wp-json\/wp\/v2\/types\/page"}],"author":[{"embeddable":true,"href":"https:\/\/www.patatasconde.com\/gl\/wp-json\/wp\/v2\/users\/1"}],"replies":[{"embeddable":true,"href":"https:\/\/www.patatasconde.com\/gl\/wp-json\/wp\/v2\/comments?post=219302"}],"version-history":[{"count":0,"href":"https:\/\/www.patatasconde.com\/gl\/wp-json\/wp\/v2\/pages\/219302\/revisions"}],"wp:attachment":[{"href":"https:\/\/www.patatasconde.com\/gl\/wp-json\/wp\/v2\/media?parent=219302"}],"curies":[{"name":"wp","href":"https:\/\/api.w.org\/{rel}","templated":true}]}}