{"id":219292,"date":"2023-10-09T13:33:23","date_gmt":"2023-10-09T11:33:23","guid":{"rendered":"https:\/\/www.patatasconde.com\/politica-de-cookies"},"modified":"2023-10-09T13:33:23","modified_gmt":"2023-10-09T11:33:23","slug":"politica-de-cookies","status":"publish","type":"page","link":"https:\/\/www.patatasconde.com\/gl\/politica-de-cookies","title":{"rendered":"Pol\u00edtica de cookies"},"content":{"rendered":"<h2 class=\"western\" lang=\"es-ES\"><strong>Pol\u00edtica de Cookies<\/strong><\/h2>\n<p class=\"western\" lang=\"es-ES\">El presente sitio <a href=\"https:\/\/www.patatasconde.com\/\">www.patatasconde.com<\/a>, titularidad de <strong>Patatas Conde, S.L. <\/strong>utiliza cookies propias y de terceros para realizar un an\u00e1lisis de la navegaci\u00f3n de los usuarios, mejorar su experiencia y ofrecer contenidos adaptados a sus intereses, mediante la personalizaci\u00f3n de espacios publicitarios. Con el registro en la web y\/o la mera navegaci\u00f3n (con el navegador habilitado para aceptar cookies) el usuario acepta la instalaci\u00f3n de cookies, salvo que se oponga a ello, tal y como se informa nuestra Pol\u00edtica de Cookies.<\/p>\n<p class=\"western\" lang=\"es-ES\">Puede configurar su navegador para ser avisado en pantalla de la recepci\u00f3n de cookies y aceptarlas o no individualmente as\u00ed como para impedir por defecto su instalaci\u00f3n.<\/p>\n<p class=\"western\" lang=\"es-ES\">Puede encontrar en nuestro sitio web enlaces a otros portales, por favor, recuerda que no ejercemos control alguno sobre dichos portales o sitios web, ni somos responsables del contenido de los mismos ni de las cookies que empleen.<\/p>\n<h3 class=\"western\" lang=\"es-ES\"><strong>\u00bfQu\u00e9 es una cookie?<\/strong><\/h3>\n<p class=\"western\" lang=\"es-ES\">Una \u201cCookie\u201d es un peque\u00f1o archivo de texto que un sitio web almacena en el navegador del usuario. Las cookies facilitan el uso y la navegaci\u00f3n por una p\u00e1gina web y son esenciales para el funcionamiento de internet, aportando innumerables ventajas en la prestaci\u00f3n de servicios interactivos.<\/p>\n<p class=\"western\" lang=\"es-ES\">Las cookies se utilizan, por ejemplo, para gestionar la sesi\u00f3n del usuario (reduciendo el n\u00famero de veces que tiene que incluir su contrase\u00f1a), mejorar los servicios ofrecidos, o para adecuar los contenidos de una p\u00e1gina web a sus preferencias.<\/p>\n<p class=\"western\" lang=\"es-ES\">Las cookies pueden ser de \u201csesi\u00f3n\u201d, por lo que se borrar\u00e1n una vez el usuario abandone la p\u00e1gina web que las gener\u00f3 o \u201cpersistentes\u201d, que permanecen en su ordenador hasta una fecha determinada.<\/p>\n<p class=\"western\" lang=\"es-ES\">Asimismo las Cookies pueden ser \u201cpropias\u201d, gestionadas por el dominio al que el usuario accede y del que solicita un determinado servicio (en este caso los dominios titularidad de Vodafone) o \u201ccookies de terceros\u201d, enviadas al equipo de usuario desde un dominio diferente al que se accede.<\/p>\n<h3 class=\"western\" lang=\"es-ES\"><strong>Cookies utilizadas<\/strong><\/h3>\n<p class=\"western\" lang=\"es-ES\"><strong>Cookies Anal\u00edticas<\/strong><\/p>\n<p class=\"western\" lang=\"es-ES\">Para recabar estad\u00edsticas sobre la actividad del usuario al visitar la p\u00e1gina y la actividad general de la misma. La informaci\u00f3n recopilada es an\u00f3nima y permite optimizar la navegaci\u00f3n por nuestra p\u00e1gina web y garantizar el mejor servicio al usuario. Utilizamos cookies propias y de terceros para el an\u00e1lisis de nuestra p\u00e1gina. El usuario puede excluir su actividad mediante los sistemas de exclusi\u00f3n facilitados por las herramientas anal\u00edticas. Las cookies utilizadas para esto (_utma, _utmb, _utmc, _utmt y _utmz) son cookies de Terceros.<\/p>\n<p class=\"western\" lang=\"es-ES\"><strong>Cookies de uso interno <\/strong><\/p>\n<p class=\"western\" lang=\"es-ES\">Para el funcionamiento de la web. Utilizamos cookies para: permitir la autenticaci\u00f3n del usuario; el mantenimiento de la sesi\u00f3n cuando navega por la p\u00e1gina; la contrataci\u00f3n de un producto o servicio; establecer las preferencias del idioma seleccionadas por el usuario o gestionar el acceso del usuario al centro de soporte. La desactivaci\u00f3n de estas cookies, mediante el bloqueo de cookies en las opciones del navegador, puede impedir el funcionamiento correcto de algunas de las funcionalidades de la web.<\/p>\n<p class=\"western\" lang=\"es-ES\"><strong>Cookies usadas por redes sociales<\/strong><\/p>\n<p class=\"western\" lang=\"es-ES\">Los botones de redes sociales permiten al usuario compartir contenidos de su inter\u00e9s con su c\u00edrculo social. Las cookies utilizadas por redes sociales evitan que el usuario tenga que introducir nuevamente sus datos para compartir dichos contenidos. Dichos botones no tienen acceso a los datos introducidos por los usuarios al compartir un contenido en una red social.<\/p>\n<p class=\"western\" lang=\"es-ES\"><strong>Cookies usadas por complementos externos de contenido<\/strong><\/p>\n<p class=\"western\" lang=\"es-ES\">Contenidos o servicios proporcionados por terceros proveedores, como por ejemplo, v\u00eddeos alojados en Youtube o aplicaciones de Google Maps, para nuestra localizaci\u00f3n f\u00edsica. Las cookies utilizadas por estos proveedores son necesarias para que el usuario pueda acceder a dicho servicio y se rigen por lo dispuesto en sus respectivas pol\u00edticas de cookies.<\/p>\n<h3 class=\"western\" lang=\"es-ES\"><strong>\u00bfC\u00f3mo administrar &#8216;cookies&#8217; en el navegador?<\/strong><\/h3>\n<p class=\"western\" lang=\"es-ES\">El usuario tiene la opci\u00f3n de permitir, bloquear o eliminar las &#8216;cookies&#8217; instaladas en su equipo mediante la configuraci\u00f3n de las opciones del navegador instalado en su terminal:<\/p>\n<ul>\n<li>\n<p class=\"western\" lang=\"es-ES\">Para ajustar los permisos relacionados con las &#8216;cookies&#8217; en<strong>Google Chrome<\/strong>:<\/p>\n<\/li>\n<li>\n<p class=\"western\" lang=\"es-ES\">Hacer clic en el men\u00fa situado en la barra de herramientas.<\/p>\n<\/li>\n<li>\n<p class=\"western\" lang=\"es-ES\">Seleccionar <strong>Configuraci\u00f3n<\/strong>.<\/p>\n<\/li>\n<li>\n<p class=\"western\" lang=\"es-ES\">Hacer clic en <strong>Mostar opciones avanzadas<\/strong>.<\/p>\n<\/li>\n<li>\n<p class=\"western\" lang=\"es-ES\">En la secci\u00f3n &#8216;Privacidad&#8217; hacer clic en el bot\u00f3n <strong>Configuraci\u00f3n de contenido<\/strong>.<\/p>\n<\/li>\n<li>\n<p class=\"western\" lang=\"es-ES\">En la secci\u00f3n de &#8216;<strong>Cookies<\/strong>&#8216; se pueden configurar las opciones.<\/p>\n<\/li>\n<\/ul>\n<p class=\"western\" lang=\"es-ES\"><em><a href=\"https:\/\/support.google.com\/chrome\/answer\/95647?hl=es\" target=\"_blank\" rel=\"noopener\">M\u00e1s informaci\u00f3n sobre Google Chrome<\/a><\/em><\/p>\n<ul>\n<li>\n<p class=\"western\" lang=\"es-ES\">Para ajustar los permisos relacionados con las &#8216;cookies&#8217; en <strong>Mozilla Firefox<\/strong>:<\/p>\n<\/li>\n<li>\n<p class=\"western\" lang=\"es-ES\">En la parte superior de la ventana de Firefox hacer clic en el men\u00fa <strong>Herramientas<\/strong>.<\/p>\n<\/li>\n<li>\n<p class=\"western\" lang=\"es-ES\">Seleccionar <strong>Opciones<\/strong>.<\/p>\n<\/li>\n<li>\n<p class=\"western\" lang=\"es-ES\">Seleccionar el panel <strong>Privacidad<\/strong>.<\/p>\n<\/li>\n<li>\n<p class=\"western\" lang=\"es-ES\">En la opci\u00f3n Firefox podr\u00e1 elegir <strong>Usar una configuraci\u00f3n personalizada para el historial para configurar las opciones<\/strong>.<\/p>\n<\/li>\n<\/ul>\n<p class=\"western\" lang=\"es-ES\"><em><a href=\"https:\/\/support.mozilla.org\/es\/kb\/Deshabilitar%20cookies%20de%20terceros?esab=a&amp;s=administraci%C3%B3n+de+cookies&amp;r=0&amp;as=s\" target=\"_blank\" rel=\"noopener\">M\u00e1s informaci\u00f3n sobre Mozilla Firefox<\/a><\/em><\/p>\n<ul>\n<li>\n<p class=\"western\" lang=\"es-ES\">Para ajustar los permisos relacionados con las &#8216;cookies&#8217; en <strong>Internet Explorer 9<\/strong>:<\/p>\n<\/li>\n<li>\n<p class=\"western\" lang=\"es-ES\">En la parte superior de la ventana de Internet Explorer hacer clic en el men\u00fa <strong>Herramientas<\/strong>.<\/p>\n<\/li>\n<li>\n<p class=\"western\" lang=\"es-ES\">Seleccionar la pesta\u00f1a de <strong>Seguridad <\/strong>y utilizar la opci\u00f3n <strong>Eliminar el historial de exploraci\u00f3n <\/strong>para eliminar las &#8216;cookies&#8217;. Activar la casilla &#8216;<strong>Cookies<\/strong>&#8216; y, a continuaci\u00f3n, hacer clic en <strong>Eliminar<\/strong>.<\/p>\n<\/li>\n<li>\n<p class=\"western\" lang=\"es-ES\">Seleccionar la pesta\u00f1a de <strong>Seguridad <\/strong>y acceder a <strong>Configuraci\u00f3n<\/strong>. Mover el control deslizante totalmente hacia arriba para bloquear todas las &#8216;cookies&#8217; o totalmente hacia abajo para permitir todas las &#8216;cookies&#8217;. Tras ello, hacer clic en <strong>Aceptar<\/strong>.<\/p>\n<\/li>\n<\/ul>\n<p class=\"western\" lang=\"es-ES\"><em><a href=\"https:\/\/support.microsoft.com\/es-es\/help\/17442\/windows-internet-explorer-delete-manage-cookies\" target=\"_blank\" rel=\"noopener\">M\u00e1s informaci\u00f3n sobre Internet Explorer<\/a><\/em><\/p>\n<p class=\"western\" lang=\"es-ES\">En caso de bloquear el uso de &#8216;cookies&#8217; en su navegador es posible que algunos servicios o funcionalidades de la p\u00e1gina web no est\u00e9n disponibles.<\/p>\n<p class=\"western\" lang=\"es-ES\">En algunos navegadores se pueden configurar reglas espec\u00edficas para administrar &#8216;cookies&#8217; por sitio web, lo que ofrece un control m\u00e1s preciso sobre la privacidad. Esto significa que se puede inhabilitar &#8216;cookies&#8217; de todos los sitios salvo de aquellos en los que se conf\u00ede.<\/p>\n<h3 class=\"western\" lang=\"es-ES\"><strong>Complemento de inhabilitaci\u00f3n para navegadores de Google Analytics<\/strong><\/h3>\n<p class=\"western\" lang=\"es-ES\">Si desea rechazar las cookies anal\u00edticas de Google Analytics en todos los navegadores, de forma que no se env\u00ede informaci\u00f3n suya a Google Analitys, puede descargar un complemento que realiza esta funci\u00f3n desde este enlace: <a href=\"https:\/\/tools.google.com\/dlpage\/gaoptout\" target=\"_blank\" rel=\"noopener\">https:\/\/tools.google.com\/dlpage\/gaoptout<\/a>.<\/p>\n<h3 class=\"western\" lang=\"es-ES\"><strong>Cl\u00e1usula de consentimiento para la utilizaci\u00f3n de cookies <\/strong><\/h3>\n<p class=\"western\" lang=\"es-ES\">Este Espacio Web utiliza cookies para asegurar la mejor experiencia al usuario. El Espacio Web est\u00e1 configurado para permitir todas las cookies. Si no cambias esta configuraci\u00f3n entendemos que aceptas el uso de las mismas.<\/p>\n<p class=\"western\" lang=\"es-ES\">\n","protected":false},"excerpt":{"rendered":"<p>Pol\u00edtica de Cookies El presente sitio www.patatasconde.com, titularidad de Patatas Conde, S.L. utiliza cookies propias y de terceros para realizar un an\u00e1lisis de la navegaci\u00f3n de los usuarios, mejorar su experiencia y ofrecer contenidos adaptados a sus intereses, mediante la personalizaci\u00f3n de espacios publicitarios. Con&#8230;<\/p>\n","protected":false},"author":1,"featured_media":0,"parent":0,"menu_order":0,"comment_status":"closed","ping_status":"closed","template":"","meta":{"footnotes":""},"class_list":["post-219292","page","type-page","status-publish","hentry"],"amp_enabled":true,"_links":{"self":[{"href":"https:\/\/www.patatasconde.com\/gl\/wp-json\/wp\/v2\/pages\/219292","targetHints":{"allow":["GET"]}}],"collection":[{"href":"https:\/\/www.patatasconde.com\/gl\/wp-json\/wp\/v2\/pages"}],"about":[{"href":"https:\/\/www.patatasconde.com\/gl\/wp-json\/wp\/v2\/types\/page"}],"author":[{"embeddable":true,"href":"https:\/\/www.patatasconde.com\/gl\/wp-json\/wp\/v2\/users\/1"}],"replies":[{"embeddable":true,"href":"https:\/\/www.patatasconde.com\/gl\/wp-json\/wp\/v2\/comments?post=219292"}],"version-history":[{"count":0,"href":"https:\/\/www.patatasconde.com\/gl\/wp-json\/wp\/v2\/pages\/219292\/revisions"}],"wp:attachment":[{"href":"https:\/\/www.patatasconde.com\/gl\/wp-json\/wp\/v2\/media?parent=219292"}],"curies":[{"name":"wp","href":"https:\/\/api.w.org\/{rel}","templated":true}]}}