{"id":17698,"date":"2019-02-22T16:26:20","date_gmt":"2019-02-22T15:26:20","guid":{"rendered":"https:\/\/www.patatasconde.com\/?page_id=17698"},"modified":"2023-10-09T13:30:28","modified_gmt":"2023-10-09T11:30:28","slug":"politica-proteccion-de-datos-y-privacidad","status":"publish","type":"page","link":"https:\/\/www.patatasconde.com\/gl\/politica-proteccion-de-datos-y-privacidad","title":{"rendered":"Pol\u00edtica protecci\u00f3n de datos y privacidad"},"content":{"rendered":"<h1><\/h1>\r\n<h1 class=\"wp-block-heading\">Pol\u00edtica protecci\u00f3n de datos y privacidad<\/h1>\r\n<p lang=\"es-ES\"><strong>1. Derecho de informaci\u00f3n<\/strong><\/p>\r\n<p lang=\"es-ES\">La presente pol\u00edtica de protecci\u00f3n de datos regula el acceso y el uso del servicio del Sitio Web: <u><a href=\"https:\/\/www.patatasconde.com\/\">www.patatasconde.com<\/a><\/u> (en adelante, el Sitio Web), que Patatas Conde, S.L., (en adelante La Entidad) pone a disposici\u00f3n de los Usuarios (en adelante, los Usuarios) de Internet interesados en los contenidos (en adelante, los Contenidos) alojados en el Sitio Web, relacionados con su actividad y servicios, siendo \u00e9stos meramente informativos.<\/p>\r\n<p lang=\"es-ES\">Patatas Conde, S.L., proh\u00edbe, salvo autorizaci\u00f3n por escrito, la reproducci\u00f3n, copia, uso, distribuci\u00f3n, comercializaci\u00f3n o cualquier actividad que pueda realizarse con los contenidos de su Sitio Web.<\/p>\r\n<p lang=\"es-ES\"><strong>2. Derecho de Oposici\u00f3n, Correcci\u00f3n y Actualizaci\u00f3n de Datos<\/strong><\/p>\r\n<p lang=\"es-ES\">Los usuarios que lo soliciten pueden en cualquier momento revocar su consentimiento y\/o ejercitar sus derechos de acceso, rectificaci\u00f3n, cancelaci\u00f3n, oposici\u00f3n, supresi\u00f3n, limitaci\u00f3n y portabilidad. A estos efectos le informamos que para el ejercicio de estos derechos, deber\u00e1 remitir un e-mail adjuntando copia del DNI a la siguiente direcci\u00f3n de correo electr\u00f3nico: <u><a href=\"mailto:calidad@patatasconde.com\">calidad@patatasconde.com<\/a><\/u> o a trav\u00e9s de comunicaci\u00f3n escrita y firmada (adjuntando copia del DNI) dirigida a Patatas Conde, S.L., Ctra. Nac. 525, Km. 200, 32630 Xinzo de Limia, Ourense.<\/p>\r\n<p lang=\"es-ES\">En el caso de cancelaci\u00f3n y revocaci\u00f3n por parte del Usuario de su consentimiento expreso para el tratamiento de sus datos de car\u00e1cter personal, la entidad podr\u00e1 resolver la prestaci\u00f3n del servicio que fuera en el caso en el que dichos datos fueran necesarios para una \u00f3ptima prestaci\u00f3n del servicio.<\/p>\r\n<p lang=\"es-ES\">En el supuesto de problemas de cualquier tipo relacionado con el Sitio Web, as\u00ed como para cualquier tipo de duda o controversia respecto a nuestra pol\u00edtica de privacidad de datos se podr\u00e1n dirigir directamente a nuestro correo electr\u00f3nico o a la siguiente direcci\u00f3n:<\/p>\r\n<p lang=\"es-ES\"><u><a href=\"mailto:calidad@patatasconde.com\">calidad@patatasconde.com<\/a><\/u><\/p>\r\n<p lang=\"es-ES\">Patatas Conde, S.L. Ctra. Nac. 525, Km. 200 32630 Xinzo de Limia, Ourense<\/p>\r\n<p lang=\"es-ES\"><strong>3. Derecho de los Accionistas<\/strong><\/p>\r\n<p lang=\"es-ES\">Los datos personales que se obtienen de los Accionistas debido a la gesti\u00f3n de sus participaciones en Patatas Conde, S.L., pasan a formar parte de los datos responsabilidad de Patatas Conde, S.L., Ctra. Nacional 525, Km. 200, 32630 Xinzo de Limia, Ourense. Esta Entidad les informa de la incorporaci\u00f3n de sus datos, y al tratamiento de los mismos, con la finalidad arriba indicada. En cualquier caso, la pol\u00edtica de privacidad de Patatas Conde, S.L., permite la posibilidad de ejercitar sus derechos de acceso, rectificaci\u00f3n, cancelaci\u00f3n, oposici\u00f3n, supresi\u00f3n, limitaci\u00f3n y portabilidad dirigi\u00e9ndose por escrito a la direcci\u00f3n anteriormente indicada.<\/p>\r\n<p lang=\"es-ES\">\u00a0<\/p>\r\n<p lang=\"es-ES\"><strong>4. Modificaci\u00f3n de la presente pol\u00edtica de privacidad<\/strong><\/p>\r\n<p lang=\"es-ES\">Patatas Conde, S.L., se reserva el derecho a modificar la presente pol\u00edtica para adaptarla a futuras novedades legislativas o jurisprudenciales, as\u00ed como a pr\u00e1cticas del sector. En dichos supuestos, anunciar\u00e1 en esta p\u00e1gina los cambios introducidos con razonable antelaci\u00f3n a su puesta en pr\u00e1ctica.<\/p>\r\n<p lang=\"es-ES\"><strong>5. Condiciones particulares<\/strong><\/p>\r\n<p lang=\"es-ES\">Las cl\u00e1usulas relativas a la protecci\u00f3n de datos de car\u00e1cter personal contenidas en las condiciones particulares que, en su caso hayan podido suscribir el usuario y Patatas Conde, S.L., prevalecer\u00e1n en todo caso sobre la presente Pol\u00edtica de Protecci\u00f3n de Datos y Privacidad.<\/p>\r\n<p lang=\"es-ES\"><strong>6. Prohibici\u00f3n de comunicaciones comerciales no solicitadas realizadas a trav\u00e9s de correo electr\u00f3nico u otros medios de comunicaci\u00f3n electr\u00f3nica: anti-spamming.<\/strong><\/p>\r\n<p lang=\"es-ES\">Patatas Conde, S.L., se obliga a no:<\/p>\r\n<ol>\r\n<li>\r\n<p lang=\"es-ES\">Recabar datos de los usuarios con finalidad publicitaria y de remitir publicidad de cualquier clase y comunicaciones con fines de venta u otras de naturaleza comercial sin que medie su previa solicitud o consentimiento.<\/p>\r\n<\/li>\r\n<li>\r\n<p lang=\"es-ES\">Remitir cualesquiera otros mensajes no solicitados ni consentidos previamente a una pluralidad de personas.<\/p>\r\n<\/li>\r\n<li>\r\n<p lang=\"es-ES\">Enviar cadenas de mensajes electr\u00f3nicos no solicitados ni previamente consentidos.<\/p>\r\n<\/li>\r\n<li>\r\n<p lang=\"es-ES\">Utilizar listas de distribuci\u00f3n a las que pueda accederse a trav\u00e9s de los Servicios, sin previa autorizaci\u00f3n por el usuario.<\/p>\r\n<\/li>\r\n<li>\r\n<p lang=\"es-ES\">Poner a disposici\u00f3n de terceros, con cualquier finalidad, datos recabados a partir de listas de distribuci\u00f3n.<\/p>\r\n<\/li>\r\n<\/ol>\r\n<p lang=\"es-ES\">De acuerdo con la normativa vigente en materia de protecci\u00f3n de datos as\u00ed como en materia de servicios de la sociedad de la informaci\u00f3n y de comercio electr\u00f3nico, el usuario acepta que los datos personales aportados mediante el env\u00edo de correos electr\u00f3nicos, sean incorporados en esta empresa, con la finalidad de facilitar la prestaci\u00f3n de los servicios solicitados, para la correcta identificaci\u00f3n de los usuarios que solicitan servicios personalizados, para la realizaci\u00f3n de estudios estad\u00edsticos de los usuarios registrados que permitan dise\u00f1ar mejoras en los servicios prestados, para la gesti\u00f3n de tareas b\u00e1sicas de administraci\u00f3n, as\u00ed como para mantenerle informado, bien por correo electr\u00f3nico bien por cualquier otro medio, de novedades, productos y servicios relacionados con Patatas Conde, S.L. En el caso de comunicaciones comerciales a trav\u00e9s de correo electr\u00f3nico o medio equivalente, el usuario presta su consentimiento expreso para el env\u00edo de publicidad a trav\u00e9s de dicho medio.<\/p>\r\n<p lang=\"es-ES\"><strong>7. Medidas de seguridad inform\u00e1tica<\/strong><\/p>\r\n<p lang=\"es-ES\">Patatas Conde, S.L., dispone de medios, como son firewalls de \u00faltima generaci\u00f3n, filtrado de virus para controlar y evitar los accesos no autorizados y evitar el mal uso, alteraci\u00f3n, acceso no autorizado y robo de datos personales.<\/p>\r\n<p lang=\"es-ES\">Patatas Conde, S.L., no ser\u00e1 responsable de posibles da\u00f1os o perjuicios que se pudieran derivar de interferencias, omisiones, interrupciones, virus inform\u00e1ticos, aver\u00edas telef\u00f3nicas o desconexiones en el funcionamiento operativo de este sistema electr\u00f3nico, motivadas por causas ajenas a La Entidad; de retrasos o bloqueos en el uso del presente sistema electr\u00f3nico causados por deficiencias o sobrecargas de l\u00edneas telef\u00f3nicas o sobrecargas en el C.P.D. (Centro de Procesos de Datos), en el sistema de Internet o en otros sistemas electr\u00f3nicos, as\u00ed como de da\u00f1os que puedan ser causados por terceras personas mediante intromisiones ileg\u00edtimas fuera del control de Patatas Conde, S.L.<\/p>\r\n<p lang=\"es-ES\">No obstante, el usuario debe ser consciente de que las medidas de seguridad en Internet no son inexpugnables.<\/p>\r\n<p lang=\"es-ES\"><strong>8. Medidas de Protecci\u00f3n de Datos de Car\u00e1cter Personal<\/strong><\/p>\r\n<p lang=\"es-ES\">La visita a este Website no supone que el usuario est\u00e9 obligado a facilitar ninguna informaci\u00f3n sobre s\u00ed mismo. En el caso de que proporcione el usuario alguna informaci\u00f3n de car\u00e1cter personal, los datos recogidos en este Website ser\u00e1n utilizados con la finalidad, en la forma y con las limitaciones y derechos que recoge el REGLAMENTO (UE) 2016\/679 DEL PARLAMENTO EUROPEO y la Ley Org\u00e1nica 15\/1999, de Protecci\u00f3n de Datos de Car\u00e1cter Personal dentro del marco de la legislaci\u00f3n espa\u00f1ola.<\/p>\r\n<p lang=\"es-ES\">Los usuarios que faciliten datos de car\u00e1cter personal, consienten inequ\u00edvocamente la incorporaci\u00f3n de sus datos a los ficheros, que contengan datos de car\u00e1cter personal, de los que sea responsable Patatas Conde, S.L., en la direcci\u00f3n arriba indicada, as\u00ed como el tratamiento informatizado o no de los mismos con el fin de que puedan ser utilizados por la sociedad, con una finalidad comercial de personalizaci\u00f3n, operativa y estad\u00edstica y actividades propias de su objeto social.<\/p>\r\n<p lang=\"es-ES\">La entidad ha adoptado las medidas t\u00e9cnicas y organizativas necesarias para garantizar la seguridad e integridad de los datos, as\u00ed como para evitar su alteraci\u00f3n, p\u00e9rdida, tratamiento o acceso no autorizado.<\/p>\r\n<p lang=\"es-ES\">En el caso de que los usuarios de este Website debieran facilitar su direcci\u00f3n de correo electr\u00f3nico para acceder a algunos de los servicios ofertados podr\u00e1n manifestar que no desean recibir ning\u00fan tipo de comunicaci\u00f3n que La entidad pudiese enviar, siempre que no est\u00e9 ligada estrictamente a la finalidad para la que se solicit\u00f3 el servicio.<\/p>\r\n<p lang=\"es-ES\">Cualquier cesi\u00f3n a terceros de los datos personales de los usuarios de este portal, ser\u00e1 comunicada debidamente a los afectados especificando el tipo de actividad de aqu\u00e9l a quien se pretende comunicar y la finalidad con que se van a tratar los datos.<\/p>\r\n<p lang=\"es-ES\"><strong>9. Tratamiento de los datos<\/strong><\/p>\r\n<p lang=\"es-ES\">Los datos recabados a trav\u00e9s de los formularios del sitio web u otras v\u00edas, ser\u00e1n incorporados a un tratamiento de datos de car\u00e1cter personal, del cual es responsable Patatas Conde, S.L. Estos datos personales se recogen bien a trav\u00e9s de suscripciones a boletines de nuestro grupo empresarial o webs asociadas, bien a trav\u00e9s de formularios de contacto o bien por qu\u00e9 han solicitado expresamente informaci\u00f3n o bien por qu\u00e9, el USUARIO o CLIENTE nos ha facilitado sus datos.<\/p>\r\n<p lang=\"es-ES\">Los datos, s\u00f3lo ser\u00e1n utilizados puntualmente con la finalidad de llevar a cabo la relaci\u00f3n CLIENTE\/EMPRESA. Patatas Conde, S.L., no vende, alquila ni pone a disposici\u00f3n de terceros, los datos personales de los usuarios. La recogida de los Datos Personales tiene como finalidad, la correcta identificaci\u00f3n de los usuarios que solicitan servicios personalizados a Patatas Conde, S.L., as\u00ed como la realizaci\u00f3n de tareas comerciales y de marketing, orientados a satisfacer la potencial demanda de los clientes. Patatas Conde, S.L., tratar\u00e1 los datos de forma confidencial y exclusivamente con la finalidad de ofrecer los servicios solicitados, con todas las garant\u00edas legales y de seguridad que impone El Reglamento General de Protecci\u00f3n de Datos 679\/2016 del Parlamento Europeo y del Consejo de 27 de abril de 2016, el Real Decreto 1720\/2007, de 21 de diciembre y la Ley 34\/2002, de 11 de julio, de Servicios de la Sociedad de la Informaci\u00f3n y de Comercio Electr\u00f3nico.<\/p>\r\n<p lang=\"es-ES\">Asimismo, Patatas Conde, S.L., cancelar\u00e1 o rectificar\u00e1 los datos cuando resulten inexactos, incompletos o hayan dejado de ser necesarios o pertinentes para su finalidad, de conformidad con lo previsto en el RGPD 679\/2016, de 27 de abril, de Protecci\u00f3n de Datos de Car\u00e1cter Personal. El usuario podr\u00e1 revocar el consentimiento prestado y ejercer los derechos de acceso, rectificaci\u00f3n, cancelaci\u00f3n, oposici\u00f3n, derecho al olvido y el derecho a la portabilidad, dirigi\u00e9ndose a la direcci\u00f3n de correo electr\u00f3nico: <u><a href=\"mailto:calidad@patatasconde.com\">calidad@patatasconde.com<\/a><\/u>, o bien, a trav\u00e9s de un escrito a la direcci\u00f3n, Patatas Conde, S.L., Ctra. Nac. 525, Km. 200, 32630 Xinzo de Limia, Ourense, indicando el nombre, apellidos y n\u00famero de D.N.I. con expresa indicaci\u00f3n del derecho que desea ejercer. Si, en alg\u00fan momento, decide no recibir mensajes por correo electr\u00f3nico, podr\u00e1 ejercer su derecho de cancelaci\u00f3n y renuncia a la recepci\u00f3n de los mismos, a trav\u00e9s de un link habilitado a tal efecto en todas las comunicaciones, en conformidad con lo dispuesto en el T\u00edtulo III, art\u00edculo 22 de la Ley 34\/2002, de Servicios para la Sociedad de la Informaci\u00f3n y de Comercio Electr\u00f3nico.<\/p>\r\n<p lang=\"es-ES\">Con car\u00e1cter general, la entidad Patatas Conde, S.L., conservar\u00e1 sus datos durante el tiempo necesarios para la realizaci\u00f3n de las gestiones que correspondan con arreglo a las finalidades se\u00f1aladas, y posteriormente y debidamente bloqueados hasta la prescripci\u00f3n de las posibles responsabilidades legales que deriven de lo anterior.<\/p>\r\n<p lang=\"es-ES\">Con respecto a los usuarios registrados, sus datos ser\u00e1n conservados mientras dure la relaci\u00f3n contractual (mantenga su condici\u00f3n de usuario registrado), y posteriormente bloqueados hasta la prescripci\u00f3n de las posibles responsabilidades legales que se pudieran derivar.<\/p>\r\n<p lang=\"es-ES\">Patatas Conde, S.L., adopta los niveles de seguridad correspondientes requeridos por el citado RGPD 679\/2016 y dem\u00e1s normativa aplicable. No obstante, no puede garantizar la absoluta invulnerabilidad de los sistemas, por tanto, no asume ninguna responsabilidad por los da\u00f1os y perjuicios derivados de alteraciones que terceros puedan causar en los sistemas inform\u00e1ticos, documentos electr\u00f3nicos o ficheros del usuario. Patatas Conde, S.L., se reserva el derecho a modificar la presente pol\u00edtica para adaptarla a novedades legislativas o jurisprudenciales, as\u00ed como a pr\u00e1cticas de la industria y\/o comercio. En dichos supuestos, Patatas Conde, S.L., anunciar\u00e1, en esta p\u00e1gina, los cambios introducidos.<\/p>","protected":false},"excerpt":{"rendered":"<p>Pol\u00edtica protecci\u00f3n de datos y privacidad 1. Derecho de informaci\u00f3n La presente pol\u00edtica de protecci\u00f3n de datos regula el acceso y el uso del servicio del Sitio Web: www.patatasconde.com (en adelante, el Sitio Web), que Patatas Conde, S.L., (en adelante La Entidad) pone a disposici\u00f3n&#8230;<\/p>\n","protected":false},"author":1,"featured_media":0,"parent":0,"menu_order":0,"comment_status":"closed","ping_status":"closed","template":"","meta":{"footnotes":""},"class_list":["post-17698","page","type-page","status-publish","hentry"],"amp_enabled":true,"_links":{"self":[{"href":"https:\/\/www.patatasconde.com\/gl\/wp-json\/wp\/v2\/pages\/17698","targetHints":{"allow":["GET"]}}],"collection":[{"href":"https:\/\/www.patatasconde.com\/gl\/wp-json\/wp\/v2\/pages"}],"about":[{"href":"https:\/\/www.patatasconde.com\/gl\/wp-json\/wp\/v2\/types\/page"}],"author":[{"embeddable":true,"href":"https:\/\/www.patatasconde.com\/gl\/wp-json\/wp\/v2\/users\/1"}],"replies":[{"embeddable":true,"href":"https:\/\/www.patatasconde.com\/gl\/wp-json\/wp\/v2\/comments?post=17698"}],"version-history":[{"count":4,"href":"https:\/\/www.patatasconde.com\/gl\/wp-json\/wp\/v2\/pages\/17698\/revisions"}],"predecessor-version":[{"id":219280,"href":"https:\/\/www.patatasconde.com\/gl\/wp-json\/wp\/v2\/pages\/17698\/revisions\/219280"}],"wp:attachment":[{"href":"https:\/\/www.patatasconde.com\/gl\/wp-json\/wp\/v2\/media?parent=17698"}],"curies":[{"name":"wp","href":"https:\/\/api.w.org\/{rel}","templated":true}]}}